{"id":2559,"date":"2021-04-08T10:09:50","date_gmt":"2021-04-08T10:09:50","guid":{"rendered":"https:\/\/abogadoandresibanez.com\/politica-de-cookies\/"},"modified":"2021-07-28T14:55:29","modified_gmt":"2021-07-28T14:55:29","slug":"politica-de-cookies","status":"publish","type":"page","link":"https:\/\/abogadoandresibanez.com\/ca\/politica-de-cookies\/","title":{"rendered":"Pol\u00edtica de Cookies"},"content":{"rendered":"<div class=\"fusion-fullwidth fullwidth-box fusion-builder-row-1 fusion-flex-container nonhundred-percent-fullwidth non-hundred-percent-height-scrolling\" style=\"background-color: rgba(255,255,255,0);background-position: center center;background-repeat: no-repeat;border-width: 0px 0px 0px 0px;border-color:#eae9e9;border-style:solid;\" ><div class=\"fusion-builder-row fusion-row fusion-flex-align-items-flex-start\" style=\"max-width:1216.8px;margin-left: calc(-4% \/ 2 );margin-right: calc(-4% \/ 2 );\"><div class=\"fusion-layout-column fusion_builder_column fusion-builder-column-0 fusion_builder_column_1_1 1_1 fusion-flex-column\"><div class=\"fusion-column-wrapper fusion-flex-justify-content-flex-start fusion-content-layout-column\" style=\"background-position:left top;background-repeat:no-repeat;-webkit-background-size:cover;-moz-background-size:cover;-o-background-size:cover;background-size:cover;padding: 0px 0px 0px 0px;\"><div class=\"fusion-text fusion-text-1\" style=\"transform:translate3d(0,0,0);\"><div class=\"fusion-column-wrapper fusion-flex-justify-content-flex-start fusion-content-layout-column\" style=\"background-position: left top; background-repeat: no-repeat; background-size: cover; padding: 0px; min-height: 0px;\">\n<style type=\"text\/css\">@media only screen and (max-width:1024px) {.fusion-title.fusion-title-1{margin-top:0px!important;margin-bottom:25px!important;}}<\/style>\n<div class=\"fusion-title title fusion-title-1 fusion-title-text fusion-title-size-one\" style=\"margin-top:0px;margin-bottom:25px;\">\n<div class=\"title-sep-container title-sep-container-left fusion-no-large-visibility fusion-no-medium-visibility fusion-no-small-visibility\">\n<div class=\"title-sep sep-\" style=\"border-color:#e0dede;\"><\/div>\n<\/div>\n<h1 class=\"title-heading-left\" style=\"margin:0;\"><font style=\"vertical-align: inherit;\"><font style=\"vertical-align: inherit;\">Pol\u00edtica de Cookies<\/font><\/font><\/h1>\n<div class=\"title-sep-container title-sep-container-right\">\n<div class=\"title-sep sep-\" style=\"border-color:#e0dede;\"><\/div>\n<\/div>\n<\/div>\n<div class=\"fusion-text fusion-text-1\" style=\"transform:translate3d(0,0,0);\">\n<p class=\"western\" lang=\"ca-ES\" align=\"left\"><span style=\"color: #505050;\"><span style=\"font-family: Calibri, sans-serif;\"><span style=\"font-size: large;\"><span lang=\"es-ES\"><font style=\"vertical-align: inherit;\"><font style=\"vertical-align: inherit;\">La nostra pol\u00edtica de cookies t\u00e9 per finalitat informar-lo de forma clara i completa sobre el funcionament i finalitat de les cookies que s&#8217;utilitzen en<\/font><\/font><\/span><\/span><\/span><\/span><span style=\"color: #505050;\"><span style=\"font-size: large;\"><span lang=\"es-ES\"><font style=\"vertical-align: inherit;\"><font style=\"vertical-align: inherit;\"> www.abogadoandresibanez.com <\/font><\/font><\/span><\/span><\/span><span style=\"color: #505050;\"><span style=\"font-family: Calibri, sans-serif;\"><span style=\"font-size: large;\"><span lang=\"es-ES\"><font style=\"vertical-align: inherit;\"><font style=\"vertical-align: inherit;\">En cas que vulgui demanar m\u00e9s informaci\u00f3 sobre les cookies, pot remetre un correu electr\u00f2nic en tal sentit a info @ <\/font><\/font><\/span><\/span><\/span><\/span><span style=\"color: #505050;\"><span style=\"font-family: Calibri, sans-serif;\"><span style=\"font-size: large;\"><span lang=\"es-ES\"><font style=\"vertical-align: inherit;\"><font style=\"vertical-align: inherit;\">abogadoandresibanez <\/font><\/font><\/span><\/span><\/span><\/span><span style=\"color: #505050;\"><span style=\"font-family: Calibri, sans-serif;\"><span style=\"font-size: large;\"><span lang=\"es-ES\"><font style=\"vertical-align: inherit;\"><font style=\"vertical-align: inherit;\">.com<\/font><\/font><\/span><\/span><\/span><\/span><\/p>\n<p class=\"western\" lang=\"ca-ES\" align=\"left\"><span style=\"font-family: Calibri, sans-serif;\"><span style=\"font-size: large;\"><b><span style=\"color: #222222;\"><span lang=\"es-ES\"><font style=\"vertical-align: inherit;\"><font style=\"vertical-align: inherit;\">Cookies<\/font><\/font><\/span><\/span><\/b><\/span><\/span><\/p>\n<p class=\"western\" lang=\"ca-ES\" align=\"left\"><span style=\"font-family: Calibri, sans-serif;\"><span style=\"font-size: large;\"><span style=\"color: #505050;\"><span lang=\"es-ES\"><font style=\"vertical-align: inherit;\"><font style=\"vertical-align: inherit;\">Una galeta \u00e9s un fitxer que es descarrega en el seu equip terminal \/ dispositiu (ordinador o equip m\u00f2bil) amb la finalitat d&#8217;emmagatzemar dades que podran ser actualitzats i recuperats per l&#8217;entitat responsable de la seva instal\u00b7laci\u00f3. <\/font><font style=\"vertical-align: inherit;\">www.abogadoandresibanez.com utilitza &#8220;cookies&#8221; amb la finalitat de poder demanar informaci\u00f3 sobre el seu funcionament i \u00fas pels usuaris del mateix.<\/font><\/font><\/span><\/span><\/span><\/span><\/p>\n<p class=\"western\" lang=\"ca-ES\" align=\"left\"><span style=\"font-family: Calibri, sans-serif;\"><span style=\"font-size: large;\"><b><span style=\"color: #222222;\"><span lang=\"es-ES\"><font style=\"vertical-align: inherit;\"><font style=\"vertical-align: inherit;\">finalitat<\/font><\/font><\/span><\/span><\/b><\/span><\/span><\/p>\n<p class=\"western\" lang=\"ca-ES\" align=\"left\"><span style=\"font-family: Calibri, sans-serif;\"><span style=\"font-size: large;\"><span style=\"color: #505050;\"><span lang=\"es-ES\"><font style=\"vertical-align: inherit;\"><font style=\"vertical-align: inherit;\">Les galetes poden demanar informaci\u00f3 sobre les seves visites a www.abogadoandresibanez.com, la freq\u00fc\u00e8ncia i durada de les mateixes, les p\u00e0gines visionades i el temps que ha estat en www.abogadoandresibanez.com. <\/font><font style=\"vertical-align: inherit;\">L&#8217;informem que podem utilitzar cookies amb la finalitat de:<\/font><\/font><\/span><\/span><\/span><\/span><\/p>\n<ul>\n<li>\n<p class=\"western\" lang=\"ca-ES\" align=\"left\"><span style=\"font-family: Calibri, sans-serif;\"><span style=\"font-size: large;\"><span style=\"color: #777777;\"><span lang=\"es-ES\"><font style=\"vertical-align: inherit;\"><font style=\"vertical-align: inherit;\">identificar problemes per millorar el nostre lloc web<\/font><\/font><\/span><\/span><\/span><\/span><\/p>\n<\/li>\n<li>\n<p class=\"western\" lang=\"ca-ES\" align=\"left\"><span style=\"font-family: Calibri, sans-serif;\"><span style=\"font-size: large;\"><span style=\"color: #777777;\"><span lang=\"es-ES\"><font style=\"vertical-align: inherit;\"><font style=\"vertical-align: inherit;\">facilitar la seva navegaci\u00f3 en el nostre lloc web<\/font><\/font><\/span><\/span><\/span><\/span><\/p>\n<\/li>\n<li>\n<p class=\"western\" lang=\"ca-ES\" align=\"left\"><span style=\"font-family: Calibri, sans-serif;\"><span style=\"font-size: large;\"><span style=\"color: #777777;\"><span lang=\"es-ES\"><font style=\"vertical-align: inherit;\"><font style=\"vertical-align: inherit;\">proporcionar-li una millor experi\u00e8ncia en l&#8217;\u00fas de la mateixa<\/font><\/font><\/span><\/span><\/span><\/span><\/p>\n<\/li>\n<li>\n<p class=\"western\" lang=\"ca-ES\" align=\"left\"><span style=\"font-family: Calibri, sans-serif;\"><span style=\"font-size: large;\"><span style=\"color: #777777;\"><span lang=\"es-ES\"><font style=\"vertical-align: inherit;\"><font style=\"vertical-align: inherit;\">distingir-d&#8217;altres usuaris<\/font><\/font><\/span><\/span><\/span><\/span><\/p>\n<\/li>\n<\/ul>\n<p class=\"western\" lang=\"ca-ES\" align=\"left\"><span style=\"font-family: Calibri, sans-serif;\"><span style=\"font-size: large;\"><span style=\"color: #505050;\"><span lang=\"es-ES\"><font style=\"vertical-align: inherit;\"><font style=\"vertical-align: inherit;\">Aix\u00ed mateix, sol\u00b7licitem el seu consentiment per utilitzar cookies que ens permetin obtenir m\u00e9s informaci\u00f3 sobre les seves prefer\u00e8ncies i personalitzar www.abogadoandresibanez.com per ajustar-lo a seus interessos.<\/font><\/font><\/span><\/span><\/span><\/span><\/p>\n<p class=\"western\" lang=\"ca-ES\" align=\"left\"><span style=\"font-family: Calibri, sans-serif;\"><span style=\"font-size: large;\"><b><span style=\"color: #222222;\"><span lang=\"es-ES\"><font style=\"vertical-align: inherit;\"><font style=\"vertical-align: inherit;\">Classes de cookies<\/font><\/font><\/span><\/span><\/b><\/span><\/span><\/p>\n<p class=\"western\" lang=\"ca-ES\" align=\"left\"><span style=\"font-family: Calibri, sans-serif;\"><span style=\"font-size: large;\"><span style=\"color: #505050;\"><span lang=\"es-ES\"><font style=\"vertical-align: inherit;\"><font style=\"vertical-align: inherit;\">www.abogadoandresibanez.com utilitza cookies pr\u00f2pies i de tercers, amb diferents finalitats, concretament:<\/font><\/font><\/span><\/span><\/span><\/span><\/p>\n<p class=\"western\" lang=\"ca-ES\" align=\"left\"><span style=\"font-family: Calibri, sans-serif;\"><span style=\"font-size: large;\"><b><span style=\"color: #505050;\"><span lang=\"es-ES\"><font style=\"vertical-align: inherit;\"><font style=\"vertical-align: inherit;\">galetes pr\u00f2pies<\/font><\/font><\/span><\/span><\/b><\/span><\/span><\/p>\n<p class=\"western\" lang=\"ca-ES\" align=\"left\"><span style=\"font-family: Calibri, sans-serif;\"><span style=\"font-size: large;\"><span style=\"color: #505050;\"><span lang=\"es-ES\"><font style=\"vertical-align: inherit;\"><font style=\"vertical-align: inherit;\">S\u00f3n enviades al seu ordinador i gestionades exclusivament per nosaltres per al millor funcionament de www.abogadoandresibanez.com. <\/font><font style=\"vertical-align: inherit;\">Aquestes galetes romanen en el seu navegador, permetent identificar-lo com usuari recurrent de l&#8217;www.abogadoandresibanez.com i personalitzar el seu contingut per oferir-continguts ajustats a les seves prefer\u00e8ncies.<\/font><\/font><\/span><\/span><\/span><\/span><\/p>\n<p class=\"western\" lang=\"ca-ES\" align=\"left\"><span style=\"font-family: Calibri, sans-serif;\"><span style=\"font-size: large;\"><b><span style=\"color: #505050;\"><span lang=\"es-ES\"><font style=\"vertical-align: inherit;\"><font style=\"vertical-align: inherit;\">Galetes de tercers<\/font><\/font><\/span><\/span><\/b><\/span><\/span><\/p>\n<p class=\"western\" lang=\"ca-ES\" align=\"left\"><span style=\"font-family: Calibri, sans-serif;\"><span style=\"font-size: large;\"><span style=\"color: #505050;\"><span lang=\"es-ES\"><font style=\"vertical-align: inherit;\"><font style=\"vertical-align: inherit;\">Les galetes de tercers, s\u00f3n aquelles establertes per un domini diferent de www.abogadoandresibanez.com. <\/font><font style=\"vertical-align: inherit;\">No podem accedir a les dades emmagatzemades en les galetes d &#8216;altres llocs web quan navegui en els esmentats llocs web, com passa en els accessos a les xarxes socials oa v\u00eddeos allotjats en webs de tercers.<\/font><\/font><\/span><\/span><\/span><\/span><\/p>\n<p class=\"western\" lang=\"ca-ES\" align=\"left\"><span style=\"font-family: Calibri, sans-serif;\"><span style=\"font-size: large;\"><b><span style=\"color: #505050;\"><span lang=\"es-ES\"><font style=\"vertical-align: inherit;\"><font style=\"vertical-align: inherit;\">Galetes anal\u00edtiques (de tercers)<\/font><\/font><\/span><\/span><\/b><\/span><\/span><\/p>\n<p class=\"western\" lang=\"ca-ES\" align=\"left\"><span style=\"font-family: Calibri, sans-serif;\"><span style=\"font-size: large;\"><span style=\"color: #505050;\"><span lang=\"es-ES\"><font style=\"vertical-align: inherit;\"><font style=\"vertical-align: inherit;\">Utilitzem Google Analytics, una eina d&#8217;an\u00e0lisi web de Google que ens permet informar-nos sobre com interactuen els usuaris de www.abogadoandresibanez.com. <\/font><font style=\"vertical-align: inherit;\">Aix\u00ed mateix, habilita galetes al domini de el lloc en qu\u00e8 es troba l&#8217;usuari i les utilitza per recopilar informaci\u00f3 de manera an\u00f2nima i elaborar informes de tend\u00e8ncies de la p\u00e0gina web sense identificar usuaris individuals. <\/font><font style=\"vertical-align: inherit;\">Pot consultar m\u00e9s informaci\u00f3 sobre les cookies de Google Analytics i el seu funcionament al lloc web de:<\/font><\/font><\/span><\/span><\/span><\/span><\/p>\n<p class=\"western\" lang=\"ca-ES\" align=\"left\"><a href=\"https:\/\/developers.google.com\/analytics\/devguides\/collection\/analyticsjs\/cookie-usage?hl=es\" target=\"_blank\" rel=\"noopener\"><span style=\"color: #222222;\"><span style=\"font-family: Calibri, sans-serif;\"><span style=\"font-size: large;\"><span lang=\"es-ES\"><font style=\"vertical-align: inherit;\"><font style=\"vertical-align: inherit;\">https:\/\/developers.google.com\/analytics\/devguides\/collection\/analyticsjs\/cookie-usage?hl=es<\/font><\/font><\/span><\/span><\/span><\/span><\/a><\/p>\n<p class=\"western\" lang=\"ca-ES\" align=\"left\"><span style=\"font-family: Calibri, sans-serif;\"><span style=\"font-size: large;\"><b><span style=\"color: #222222;\"><span lang=\"es-ES\"><font style=\"vertical-align: inherit;\"><font style=\"vertical-align: inherit;\">consentiment<\/font><\/font><\/span><\/span><\/b><\/span><\/span><\/p>\n<p class=\"western\" lang=\"ca-ES\" align=\"left\"><span style=\"font-family: Calibri, sans-serif;\"><span style=\"font-size: large;\"><span style=\"color: #505050;\"><span lang=\"es-ES\"><font style=\"vertical-align: inherit;\"><font style=\"vertical-align: inherit;\">A l&#8217;navegar i continuar en www.abogadoandresibanez.com estar\u00e0 consentint l&#8217;\u00fas de les galetes per a poder enunciades, en les condicions contingudes en la present Pol\u00edtica de Galetes.<\/font><\/font><\/span><\/span><\/span><\/span><\/p>\n<p class=\"western\" lang=\"ca-ES\" align=\"left\"><span style=\"font-family: Calibri, sans-serif;\"><span style=\"font-size: large;\"><span style=\"color: #505050;\"><span lang=\"es-ES\"><font style=\"vertical-align: inherit;\"><font style=\"vertical-align: inherit;\">L&#8217;informem que at\u00e8s que les galetes no s\u00f3n necess\u00e0ries per a l&#8217;\u00fas de www.abogadoandresibanez.com, pot bloquejar o deshabilitar a trav\u00e9s de la configuraci\u00f3 del seu navegador. <\/font><font style=\"vertical-align: inherit;\">Si les bloqueja o desactiva podr\u00e0 seguir usant www.abogadoandresibanez.com, encara que l&#8217;\u00fas d&#8217;alguns dels seus serveis podr\u00e0 ser limitat i per tant la seva experi\u00e8ncia en www.abogadoandresibanez.com menys satisfact\u00f2ria.<\/font><\/font><\/span><\/span><\/span><\/span><\/p>\n<p class=\"western\" lang=\"ca-ES\" align=\"left\"><span style=\"font-family: Calibri, sans-serif;\"><span style=\"font-size: large;\"><span style=\"color: #505050;\"><span lang=\"es-ES\"><font style=\"vertical-align: inherit;\"><font style=\"vertical-align: inherit;\">Si desitja revocar el seu consentiment informat respecte a la nostra pol\u00edtica de cookies, haur\u00e0 eliminar-les en el seu dispositiu a trav\u00e9s de la configuraci\u00f3 dels seus navegadors d&#8217;Internet. <\/font><font style=\"vertical-align: inherit;\">Aquests s\u00f3n els enlla\u00e7os dels diferents navegadors que informen sobre les galetes:<\/font><\/font><\/span><\/span><\/span><\/span><\/p>\n<p class=\"western\" lang=\"ca-ES\" align=\"left\"><span style=\"color: #505050;\"><span style=\"font-family: Calibri, sans-serif;\"><span style=\"font-size: large;\"><span lang=\"en-US\"><font style=\"vertical-align: inherit;\"><font style=\"vertical-align: inherit;\">Firefox: <\/font><\/font><\/span><\/span><\/span><\/span><a href=\"http:\/\/support.mozilla.org\/es\/products\/firefox\/cookies\" target=\"_blank\" rel=\"noopener\"><span style=\"color: #222222;\"><span style=\"font-family: Calibri, sans-serif;\"><span style=\"font-size: large;\"><span lang=\"en-US\"><font style=\"vertical-align: inherit;\"><font style=\"vertical-align: inherit;\">http:\/\/support.mozilla.org\/es\/products\/firefox\/cookies<\/font><\/font><\/span><\/span><\/span><\/span><\/a><\/p>\n<p class=\"western\" lang=\"ca-ES\" align=\"left\"><span style=\"color: #505050;\"><span style=\"font-family: Calibri, sans-serif;\"><span style=\"font-size: large;\"><span lang=\"en-US\"><font style=\"vertical-align: inherit;\"><font style=\"vertical-align: inherit;\">Chrome: <\/font><\/font><\/span><\/span><\/span><\/span><a href=\"http:\/\/support.google.com\/chrome\/bin\/answer.py?hl=es&amp;answer=95647\" target=\"_blank\" rel=\"noopener\"><span style=\"color: #222222;\"><span style=\"font-family: Calibri, sans-serif;\"><span style=\"font-size: large;\"><span lang=\"en-US\"><font style=\"vertical-align: inherit;\"><font style=\"vertical-align: inherit;\">http:\/\/support.google.com\/chrome\/bin\/answer.py?hl=es&amp;answer=95647<\/font><\/font><\/span><\/span><\/span><\/span><\/a><\/p>\n<p class=\"western\" lang=\"ca-ES\" align=\"left\"><span style=\"color: #505050;\"><span style=\"font-family: Calibri, sans-serif;\"><span style=\"font-size: large;\"><span lang=\"en-US\"><font style=\"vertical-align: inherit;\"><font style=\"vertical-align: inherit;\">Explorador:&nbsp; <\/font><\/font><\/span><\/span><\/span><\/span><a href=\"http:\/\/windows.microsoft.com\/es-es\/windows7\/how-to-manage-cookies-in-internet-explorer-9\" target=\"_blank\" rel=\"noopener\"><span style=\"color: #222222;\"><span style=\"font-family: Calibri, sans-serif;\"><span style=\"font-size: large;\"><span lang=\"en-US\"><font style=\"vertical-align: inherit;\"><font style=\"vertical-align: inherit;\">http:\/\/windows.microsoft.com\/es-es\/windows7\/how-to-manage-cookies-in-internet-explorer-9<\/font><\/font><\/span><\/span><\/span><\/span><\/a><\/p>\n<p class=\"western\" lang=\"ca-ES\" align=\"left\"><span style=\"color: #505050;\"><span style=\"font-family: Calibri, sans-serif;\"><span style=\"font-size: large;\"><span lang=\"en-US\"><font style=\"vertical-align: inherit;\"><font style=\"vertical-align: inherit;\">Safari: <\/font><\/font><\/span><\/span><\/span><\/span><a href=\"http:\/\/support.apple.com\/kb\/ph5042\" target=\"_blank\" rel=\"noopener\"><span style=\"color: #222222;\"><span style=\"font-family: Calibri, sans-serif;\"><span style=\"font-size: large;\"><span lang=\"en-US\"><font style=\"vertical-align: inherit;\"><font style=\"vertical-align: inherit;\">http:\/\/support.apple.com\/kb\/ph5042<\/font><\/font><\/span><\/span><\/span><\/span><\/a><\/p>\n<p class=\"western\" lang=\"ca-ES\" align=\"left\"><span style=\"color: #505050;\"><span style=\"font-family: Calibri, sans-serif;\"><span style=\"font-size: large;\"><span lang=\"es-ES\"><font style=\"vertical-align: inherit;\"><font style=\"vertical-align: inherit;\">Opera: <\/font><\/font><\/span><\/span><\/span><\/span><a href=\"http:\/\/help.opera.com\/Windows\/11.50\/es-ES\/cookies.html\" target=\"_blank\" rel=\"noopener\"><span style=\"color: #222222;\"><span style=\"font-family: Calibri, sans-serif;\"><span style=\"font-size: large;\"><span lang=\"es-ES\"><font style=\"vertical-align: inherit;\"><font style=\"vertical-align: inherit;\">http:\/\/help.opera.com\/Windows\/11.50\/es-ES\/cookies.html<\/font><\/font><\/span><\/span><\/span><\/span><\/a><\/p>\n<p class=\"western\" lang=\"ca-ES\" align=\"left\"><span style=\"font-family: Calibri, sans-serif;\"><span style=\"font-size: large;\"><span style=\"color: #505050;\"><span lang=\"es-ES\"><font style=\"vertical-align: inherit;\"><font style=\"vertical-align: inherit;\">Us recomanem revisar aquesta pol\u00edtica cada vegada que accedeixi a www.abogadoandresibanez.com amb l&#8217;objectiu d&#8217;estar adequadament informat sobre possibles canvis en la mateixa.<\/font><\/font><\/span><\/span><\/span><\/span><\/p>\n<\/div>\n<\/div>\n<\/div><\/div><\/div><style type=\"text\/css\">.fusion-body .fusion-builder-column-0{width:100% !important;margin-top : 0px;margin-bottom : 0px;}.fusion-builder-column-0 > .fusion-column-wrapper {padding-top : 0px !important;padding-right : 0px !important;margin-right : 1.92%;padding-bottom : 0px !important;padding-left : 0px !important;margin-left : 1.92%;}@media only screen and (max-width:1024px) {.fusion-body .fusion-builder-column-0{width:100% !important;}.fusion-builder-column-0 > .fusion-column-wrapper {margin-right : 1.92%;margin-left : 1.92%;}}@media only screen and (max-width:850px) {.fusion-body .fusion-builder-column-0{width:100% !important;}.fusion-builder-column-0 > .fusion-column-wrapper {margin-right : 1.92%;margin-left : 1.92%;}}<\/style><\/div><style type=\"text\/css\">.fusion-body .fusion-flex-container.fusion-builder-row-1{ padding-top : 0px;margin-top : 0px;padding-right : 0px;padding-bottom : 0px;margin-bottom : 0px;padding-left : 0px;}<\/style><\/div>\n","protected":false},"excerpt":{"rendered":"","protected":false},"author":1,"featured_media":0,"parent":0,"menu_order":0,"comment_status":"closed","ping_status":"closed","template":"","meta":{"footnotes":""},"yoast_head":"<!-- This site is optimized with the Yoast SEO plugin v17.8 - https:\/\/yoast.com\/wordpress\/plugins\/seo\/ -->\n<title>Pol\u00edtica de Cookies - Abogado Andr\u00e9s Ib\u00e1\u00f1ez<\/title>\n<meta name=\"robots\" content=\"index, follow, max-snippet:-1, max-image-preview:large, max-video-preview:-1\" \/>\n<link rel=\"canonical\" href=\"https:\/\/abogadoandresibanez.com\/ca\/politica-de-cookies\/\" \/>\n<meta property=\"og:locale\" content=\"ca_ES\" \/>\n<meta property=\"og:type\" content=\"article\" \/>\n<meta property=\"og:title\" content=\"Pol\u00edtica de Cookies - Abogado Andr\u00e9s Ib\u00e1\u00f1ez\" \/>\n<meta property=\"og:url\" content=\"https:\/\/abogadoandresibanez.com\/ca\/politica-de-cookies\/\" \/>\n<meta property=\"og:site_name\" content=\"Abogado Andr\u00e9s Ib\u00e1\u00f1ez\" \/>\n<meta property=\"article:modified_time\" content=\"2021-07-28T14:55:29+00:00\" \/>\n<meta name=\"twitter:card\" content=\"summary_large_image\" \/>\n<meta name=\"twitter:label1\" content=\"Temps estimat de lectura\" \/>\n\t<meta name=\"twitter:data1\" content=\"4 minuts\" \/>\n<script type=\"application\/ld+json\" class=\"yoast-schema-graph\">{\"@context\":\"https:\/\/schema.org\",\"@graph\":[{\"@type\":\"WebSite\",\"@id\":\"https:\/\/abogadoandresibanez.com\/#website\",\"url\":\"https:\/\/abogadoandresibanez.com\/\",\"name\":\"Abogado Andr\\u00e9s Ib\\u00e1\\u00f1ez\",\"description\":\"Lo solucionamos.\",\"potentialAction\":[{\"@type\":\"SearchAction\",\"target\":{\"@type\":\"EntryPoint\",\"urlTemplate\":\"https:\/\/abogadoandresibanez.com\/?s={search_term_string}\"},\"query-input\":\"required name=search_term_string\"}],\"inLanguage\":\"ca\"},{\"@type\":\"WebPage\",\"@id\":\"https:\/\/abogadoandresibanez.com\/ca\/politica-de-cookies\/#webpage\",\"url\":\"https:\/\/abogadoandresibanez.com\/ca\/politica-de-cookies\/\",\"name\":\"Pol\\u00edtica de Cookies - Abogado Andr\\u00e9s Ib\\u00e1\\u00f1ez\",\"isPartOf\":{\"@id\":\"https:\/\/abogadoandresibanez.com\/#website\"},\"datePublished\":\"2021-04-08T10:09:50+00:00\",\"dateModified\":\"2021-07-28T14:55:29+00:00\",\"breadcrumb\":{\"@id\":\"https:\/\/abogadoandresibanez.com\/ca\/politica-de-cookies\/#breadcrumb\"},\"inLanguage\":\"ca\",\"potentialAction\":[{\"@type\":\"ReadAction\",\"target\":[\"https:\/\/abogadoandresibanez.com\/ca\/politica-de-cookies\/\"]}]},{\"@type\":\"BreadcrumbList\",\"@id\":\"https:\/\/abogadoandresibanez.com\/ca\/politica-de-cookies\/#breadcrumb\",\"itemListElement\":[{\"@type\":\"ListItem\",\"position\":1,\"name\":\"Home\",\"item\":\"https:\/\/abogadoandresibanez.com\/ca\/\"},{\"@type\":\"ListItem\",\"position\":2,\"name\":\"Pol\\u00edtica de Cookies\"}]}]}<\/script>\n<!-- \/ Yoast SEO plugin. -->","yoast_head_json":{"title":"Pol\u00edtica de Cookies - Abogado Andr\u00e9s Ib\u00e1\u00f1ez","robots":{"index":"index","follow":"follow","max-snippet":"max-snippet:-1","max-image-preview":"max-image-preview:large","max-video-preview":"max-video-preview:-1"},"canonical":"https:\/\/abogadoandresibanez.com\/ca\/politica-de-cookies\/","og_locale":"ca_ES","og_type":"article","og_title":"Pol\u00edtica de Cookies - Abogado Andr\u00e9s Ib\u00e1\u00f1ez","og_url":"https:\/\/abogadoandresibanez.com\/ca\/politica-de-cookies\/","og_site_name":"Abogado Andr\u00e9s Ib\u00e1\u00f1ez","article_modified_time":"2021-07-28T14:55:29+00:00","twitter_card":"summary_large_image","twitter_misc":{"Temps estimat de lectura":"4 minuts"},"schema":{"@context":"https:\/\/schema.org","@graph":[{"@type":"WebSite","@id":"https:\/\/abogadoandresibanez.com\/#website","url":"https:\/\/abogadoandresibanez.com\/","name":"Abogado Andr\u00e9s Ib\u00e1\u00f1ez","description":"Lo solucionamos.","potentialAction":[{"@type":"SearchAction","target":{"@type":"EntryPoint","urlTemplate":"https:\/\/abogadoandresibanez.com\/?s={search_term_string}"},"query-input":"required name=search_term_string"}],"inLanguage":"ca"},{"@type":"WebPage","@id":"https:\/\/abogadoandresibanez.com\/ca\/politica-de-cookies\/#webpage","url":"https:\/\/abogadoandresibanez.com\/ca\/politica-de-cookies\/","name":"Pol\u00edtica de Cookies - Abogado Andr\u00e9s Ib\u00e1\u00f1ez","isPartOf":{"@id":"https:\/\/abogadoandresibanez.com\/#website"},"datePublished":"2021-04-08T10:09:50+00:00","dateModified":"2021-07-28T14:55:29+00:00","breadcrumb":{"@id":"https:\/\/abogadoandresibanez.com\/ca\/politica-de-cookies\/#breadcrumb"},"inLanguage":"ca","potentialAction":[{"@type":"ReadAction","target":["https:\/\/abogadoandresibanez.com\/ca\/politica-de-cookies\/"]}]},{"@type":"BreadcrumbList","@id":"https:\/\/abogadoandresibanez.com\/ca\/politica-de-cookies\/#breadcrumb","itemListElement":[{"@type":"ListItem","position":1,"name":"Home","item":"https:\/\/abogadoandresibanez.com\/ca\/"},{"@type":"ListItem","position":2,"name":"Pol\u00edtica de Cookies"}]}]}},"_links":{"self":[{"href":"https:\/\/abogadoandresibanez.com\/ca\/wp-json\/wp\/v2\/pages\/2559"}],"collection":[{"href":"https:\/\/abogadoandresibanez.com\/ca\/wp-json\/wp\/v2\/pages"}],"about":[{"href":"https:\/\/abogadoandresibanez.com\/ca\/wp-json\/wp\/v2\/types\/page"}],"author":[{"embeddable":true,"href":"https:\/\/abogadoandresibanez.com\/ca\/wp-json\/wp\/v2\/users\/1"}],"replies":[{"embeddable":true,"href":"https:\/\/abogadoandresibanez.com\/ca\/wp-json\/wp\/v2\/comments?post=2559"}],"version-history":[{"count":4,"href":"https:\/\/abogadoandresibanez.com\/ca\/wp-json\/wp\/v2\/pages\/2559\/revisions"}],"predecessor-version":[{"id":2564,"href":"https:\/\/abogadoandresibanez.com\/ca\/wp-json\/wp\/v2\/pages\/2559\/revisions\/2564"}],"wp:attachment":[{"href":"https:\/\/abogadoandresibanez.com\/ca\/wp-json\/wp\/v2\/media?parent=2559"}],"curies":[{"name":"wp","href":"https:\/\/api.w.org\/{rel}","templated":true}]}}