{"id":2536,"date":"2021-06-20T09:17:13","date_gmt":"2021-06-20T09:17:13","guid":{"rendered":"https:\/\/abogadoandresibanez.com\/hacer-consulta\/"},"modified":"2021-09-29T08:39:20","modified_gmt":"2021-09-29T08:39:20","slug":"fer-consulta","status":"publish","type":"page","link":"https:\/\/abogadoandresibanez.com\/ca\/fer-consulta\/","title":{"rendered":"Fer consulta."},"content":{"rendered":"<div id=\"missatge\"><div class=\"fusion-fullwidth fullwidth-box fusion-builder-row-1 fusion-flex-container nonhundred-percent-fullwidth non-hundred-percent-height-scrolling\" style=\"background-color: rgba(255,255,255,0);background-position: left top;background-repeat: no-repeat;background-blend-mode: darken;border-width: 0px 0px 0px 0px;border-color:#eae9e9;border-style:solid;\" ><div class=\"fusion-builder-row fusion-row fusion-flex-align-items-flex-start\" style=\"max-width:1216.8px;margin-left: calc(-4% \/ 2 );margin-right: calc(-4% \/ 2 );\"><div class=\"fusion-layout-column fusion_builder_column fusion-builder-column-0 fusion_builder_column_1_4 1_4 fusion-flex-column\"><div class=\"fusion-column-wrapper fusion-flex-justify-content-flex-start fusion-content-layout-column\" style=\"background-position:left top;background-repeat:no-repeat;-webkit-background-size:cover;-moz-background-size:cover;-o-background-size:cover;background-size:cover;padding: 0px 0px 0% 0px;\"><div class=\"fusion-separator fusion-full-width-sep\" style=\"align-self: center;margin-left: auto;margin-right: auto;margin-top:40px;width:100%;\"><\/div><style type=\"text\/css\">@media only screen and (max-width:1024px) {.fusion-title.fusion-title-1{margin-top:0px!important;margin-bottom:20px!important;}}<\/style><div class=\"fusion-title title fusion-title-1 fusion-title-text fusion-title-size-three\" style=\"margin-top:0px;margin-bottom:20px;\"><div class=\"title-sep-container title-sep-container-left fusion-no-large-visibility fusion-no-medium-visibility fusion-no-small-visibility\"><div class=\"title-sep sep-\" style=\"border-color:#e0dede;\"><\/div><\/div><h3 class=\"title-heading-left\" style=\"margin:0;color:#ffffff;\"><strong><span style=\"color: #000000;\">CONTACTAR AMB ANDR\u00c9S PER FER UNA CONSULTA<\/span><\/strong><\/h3><div class=\"title-sep-container title-sep-container-right\"><div class=\"title-sep sep-\" style=\"border-color:#e0dede;\"><\/div><\/div><\/div><div class=\"fusion-text fusion-text-1\" style=\"transform:translate3d(0,0,0);\"><pre id=\"tw-target-text\" class=\"tw-data-text tw-text-large XcVN5d tw-ta\" dir=\"ltr\" data-placeholder=\"Traducci\u00f3n\"><span class=\"Y2IQFc\" lang=\"ca\">Omple les teves dades de contacte en el formulari i em posar\u00e9 en contacte amb tu mitjan\u00e7ant la teva opci\u00f3 escollida (correu o tel\u00e8fon).\r\n\r\nUna salutaci\u00f3, Andr\u00e9s Ib\u00e1\u00f1ez.<\/span><\/pre>\n<\/div><div class=\"fusion-separator fusion-full-width-sep\" style=\"align-self: center;margin-left: auto;margin-right: auto;margin-top:40px;width:100%;\"><\/div><\/div><\/div><style type=\"text\/css\">.fusion-body .fusion-builder-column-0{width:25% !important;margin-top : 0px;margin-bottom : 0px;}.fusion-builder-column-0 > .fusion-column-wrapper {padding-top : 0px !important;padding-right : 0px !important;margin-right : 5.12%;padding-bottom : 0% !important;padding-left : 0px !important;margin-left : 7.68%;}@media only screen and (max-width:1024px) {.fusion-body .fusion-builder-column-0{width:100% !important;order : 0;}.fusion-builder-column-0 > .fusion-column-wrapper {margin-right : 1.92%;margin-left : 1.92%;}}@media only screen and (max-width:850px) {.fusion-body .fusion-builder-column-0{width:100% !important;order : 0;}.fusion-builder-column-0 > .fusion-column-wrapper {margin-right : 1.92%;margin-left : 1.92%;}}<\/style><div class=\"fusion-layout-column fusion_builder_column fusion-builder-column-1 fusion_builder_column_3_4 3_4 fusion-flex-column\"><div class=\"fusion-column-wrapper fusion-flex-justify-content-flex-start fusion-content-layout-column\" style=\"background-position:left top;background-repeat:no-repeat;-webkit-background-size:cover;-moz-background-size:cover;-o-background-size:cover;background-size:cover;padding: 0px 0px 0% 0px;\"><div class=\"fusion-text fusion-text-2\" style=\"transform:translate3d(0,0,0);\"><div class=\"wpforms-container wpforms-container-full\" id=\"wpforms-2717\"><form id=\"wpforms-form-2717\" class=\"wpforms-validate wpforms-form\" data-formid=\"2717\" method=\"post\" enctype=\"multipart\/form-data\" action=\"\/ca\/wp-json\/wp\/v2\/pages\/2536\" data-token=\"e90f5ce8a80d337dcda4897da079c71c\"><noscript class=\"wpforms-error-noscript\">Please enable JavaScript in your browser to complete this form.<\/noscript><div class=\"wpforms-field-container\"><div id=\"wpforms-2717-field_2-container\" class=\"wpforms-field wpforms-field-name\" data-field-id=\"2\"><label class=\"wpforms-field-label\" for=\"wpforms-2717-field_2\">Nom i cognom <span class=\"wpforms-required-label\">*<\/span><\/label><input type=\"text\" id=\"wpforms-2717-field_2\" class=\"wpforms-field-medium wpforms-field-required\" name=\"wpforms[fields][2]\" required><\/div><div id=\"wpforms-2717-field_4-container\" class=\"wpforms-field wpforms-field-email wpforms-one-half\" data-field-id=\"4\"><label class=\"wpforms-field-label\" for=\"wpforms-2717-field_4\">Correu electr\u00f3nic <span class=\"wpforms-required-label\">*<\/span><\/label><input type=\"email\" id=\"wpforms-2717-field_4\" class=\"wpforms-field-large wpforms-field-required\" name=\"wpforms[fields][4]\" required><\/div><div id=\"wpforms-2717-field_7-container\" class=\"wpforms-field wpforms-field-number\" data-field-id=\"7\"><label class=\"wpforms-field-label\" for=\"wpforms-2717-field_7\">Tel\u00e9fon<\/label><input type=\"number\" pattern=\"\\d*\" id=\"wpforms-2717-field_7\" class=\"wpforms-field-small\" name=\"wpforms[fields][7]\" ><div class=\"wpforms-field-description\">Fica el teu tel\u00e8fon si vols que et contacti per trucada o whatsapp. <\/div><\/div><div id=\"wpforms-2717-field_8-container\" class=\"wpforms-field wpforms-field-checkbox wpforms-list-inline\" data-field-id=\"8\"><ul id=\"wpforms-2717-field_8\"><li class=\"choice-1 depth-1\"><input type=\"checkbox\" id=\"wpforms-2717-field_8_1\" name=\"wpforms[fields][8][]\" value=\"Trucada\"  ><label class=\"wpforms-field-label-inline\" for=\"wpforms-2717-field_8_1\">Trucada<\/label><\/li><li class=\"choice-2 depth-1\"><input type=\"checkbox\" id=\"wpforms-2717-field_8_2\" name=\"wpforms[fields][8][]\" value=\"Whatsapp\"  ><label class=\"wpforms-field-label-inline\" for=\"wpforms-2717-field_8_2\">Whatsapp<\/label><\/li><\/ul><\/div><div id=\"wpforms-2717-field_5-container\" class=\"wpforms-field wpforms-field-textarea\" data-field-id=\"5\"><label class=\"wpforms-field-label\" for=\"wpforms-2717-field_5\">\u00bfA quina hora et va millor?<\/label><textarea id=\"wpforms-2717-field_5\" class=\"wpforms-field-medium\" name=\"wpforms[fields][5]\" ><\/textarea><\/div><div id=\"wpforms-2717-field_6-container\" class=\"wpforms-field wpforms-field-checkbox\" data-field-id=\"6\"><ul id=\"wpforms-2717-field_6\" class=\"wpforms-field-required\"><li class=\"choice-1 depth-1\"><input type=\"checkbox\" id=\"wpforms-2717-field_6_1\" name=\"wpforms[fields][6][]\" value=\"He le\u00eddo y acepto la &lt;a href=&quot;\/politica-de-privacidad\/&quot;&gt;Politica de Privacidad y Protecci\u00f3n de Datos&lt;\/a&gt;\" required ><label class=\"wpforms-field-label-inline\" for=\"wpforms-2717-field_6_1\">He le\u00eddo y acepto la <a href=\"\/politica-de-privacidad\/\">Politica de Privacidad y Protecci\u00f3n de Datos<\/a><\/label><\/li><\/ul><\/div><\/div><div class=\"wpforms-submit-container\"><input type=\"hidden\" name=\"wpforms[id]\" value=\"2717\"><input type=\"hidden\" name=\"wpforms[author]\" value=\"1\"><button type=\"submit\" name=\"wpforms[submit]\" id=\"wpforms-submit-2717\" class=\"wpforms-submit\" data-alt-text=\"Enviando...\" data-submit-text=\"Enviar\" aria-live=\"assertive\" value=\"wpforms-submit\">Enviar<\/button><\/div><\/form><\/div>  <!-- .wpforms-container -->\n<\/div><\/div><\/div><style type=\"text\/css\">.fusion-body .fusion-builder-column-1{width:75% !important;margin-top : 0px;margin-bottom : 0px;}.fusion-builder-column-1 > .fusion-column-wrapper {padding-top : 0px !important;padding-right : 0px !important;margin-right : 2.56%;padding-bottom : 0% !important;padding-left : 0px !important;margin-left : 3.4133333333333%;}@media only screen and (max-width:1024px) {.fusion-body .fusion-builder-column-1{width:100% !important;order : 0;}.fusion-builder-column-1 > .fusion-column-wrapper {margin-right : 1.92%;margin-left : 1.92%;}}@media only screen and (max-width:850px) {.fusion-body .fusion-builder-column-1{width:100% !important;order : 0;}.fusion-builder-column-1 > .fusion-column-wrapper {margin-right : 1.92%;margin-left : 1.92%;}}<\/style><\/div><style type=\"text\/css\">.fusion-fullwidth.fusion-builder-row-1 a:not(.fusion-button):not(.fusion-builder-module-control):not(.fusion-social-network-icon):not(.fb-icon-element):not(.fusion-countdown-link):not(.fusion-rollover-link):not(.fusion-rollover-gallery):not(.fusion-button-bar):not(.add_to_cart_button):not(.show_details_button):not(.product_type_external):not(.fusion-view-cart):not(.fusion-quick-view):not(.fusion-rollover-title-link):not(.fusion-breadcrumb-link) , .fusion-fullwidth.fusion-builder-row-1 a:not(.fusion-button):not(.fusion-builder-module-control):not(.fusion-social-network-icon):not(.fb-icon-element):not(.fusion-countdown-link):not(.fusion-rollover-link):not(.fusion-rollover-gallery):not(.fusion-button-bar):not(.add_to_cart_button):not(.show_details_button):not(.product_type_external):not(.fusion-view-cart):not(.fusion-quick-view):not(.fusion-rollover-title-link):not(.fusion-breadcrumb-link):before, .fusion-fullwidth.fusion-builder-row-1 a:not(.fusion-button):not(.fusion-builder-module-control):not(.fusion-social-network-icon):not(.fb-icon-element):not(.fusion-countdown-link):not(.fusion-rollover-link):not(.fusion-rollover-gallery):not(.fusion-button-bar):not(.add_to_cart_button):not(.show_details_button):not(.product_type_external):not(.fusion-view-cart):not(.fusion-quick-view):not(.fusion-rollover-title-link):not(.fusion-breadcrumb-link):after {color: #a6bf30;}.fusion-fullwidth.fusion-builder-row-1 a:not(.fusion-button):not(.fusion-builder-module-control):not(.fusion-social-network-icon):not(.fb-icon-element):not(.fusion-countdown-link):not(.fusion-rollover-link):not(.fusion-rollover-gallery):not(.fusion-button-bar):not(.add_to_cart_button):not(.show_details_button):not(.product_type_external):not(.fusion-view-cart):not(.fusion-quick-view):not(.fusion-rollover-title-link):not(.fusion-breadcrumb-link):hover, .fusion-fullwidth.fusion-builder-row-1 a:not(.fusion-button):not(.fusion-builder-module-control):not(.fusion-social-network-icon):not(.fb-icon-element):not(.fusion-countdown-link):not(.fusion-rollover-link):not(.fusion-rollover-gallery):not(.fusion-button-bar):not(.add_to_cart_button):not(.show_details_button):not(.product_type_external):not(.fusion-view-cart):not(.fusion-quick-view):not(.fusion-rollover-title-link):not(.fusion-breadcrumb-link):hover:before, .fusion-fullwidth.fusion-builder-row-1 a:not(.fusion-button):not(.fusion-builder-module-control):not(.fusion-social-network-icon):not(.fb-icon-element):not(.fusion-countdown-link):not(.fusion-rollover-link):not(.fusion-rollover-gallery):not(.fusion-button-bar):not(.add_to_cart_button):not(.show_details_button):not(.product_type_external):not(.fusion-view-cart):not(.fusion-quick-view):not(.fusion-rollover-title-link):not(.fusion-breadcrumb-link):hover:after {color: #000000;}.fusion-fullwidth.fusion-builder-row-1 .pagination a.inactive:hover, .fusion-fullwidth.fusion-builder-row-1 .fusion-filters .fusion-filter.fusion-active a {border-color: #000000;}.fusion-fullwidth.fusion-builder-row-1 .pagination .current {border-color: #000000; background-color: #000000;}.fusion-fullwidth.fusion-builder-row-1 .fusion-filters .fusion-filter.fusion-active a, .fusion-fullwidth.fusion-builder-row-1 .fusion-date-and-formats .fusion-format-box, .fusion-fullwidth.fusion-builder-row-1 .fusion-popover, .fusion-fullwidth.fusion-builder-row-1 .tooltip-shortcode {color: #000000;}#wrapper .fusion-fullwidth.fusion-builder-row-1 .fusion-widget-area .fusion-vertical-menu-widget .menu li.current_page_ancestor > a, #wrapper .fusion-fullwidth.fusion-builder-row-1 .fusion-widget-area .fusion-vertical-menu-widget .menu li.current_page_ancestor > a:before, #wrapper .fusion-fullwidth.fusion-builder-row-1 .fusion-widget-area .fusion-vertical-menu-widget .current-menu-item > a, #wrapper .fusion-fullwidth.fusion-builder-row-1 .fusion-widget-area .fusion-vertical-menu-widget .current-menu-item > a:before, #wrapper .fusion-fullwidth.fusion-builder-row-1 .fusion-widget-area .fusion-vertical-menu-widget .current_page_item > a, #wrapper .fusion-fullwidth.fusion-builder-row-1 .fusion-widget-area .fusion-vertical-menu-widget .current_page_item > a:before {color: #000000;}#wrapper .fusion-fullwidth.fusion-builder-row-1 .fusion-widget-area .widget_nav_menu .menu li.current_page_ancestor > a, #wrapper .fusion-fullwidth.fusion-builder-row-1 .fusion-widget-area .widget_nav_menu .menu li.current_page_ancestor > a:before, #wrapper .fusion-fullwidth.fusion-builder-row-1 .fusion-widget-area .widget_nav_menu .current-menu-item > a, #wrapper .fusion-fullwidth.fusion-builder-row-1 .fusion-widget-area .widget_nav_menu .current-menu-item > a:before, #wrapper .fusion-fullwidth.fusion-builder-row-1 .fusion-widget-area .widget_nav_menu .current_page_item > a, #wrapper .fusion-fullwidth.fusion-builder-row-1 .fusion-widget-area .widget_nav_menu .current_page_item > a:before {color: #000000;}#wrapper .fusion-fullwidth.fusion-builder-row-1 .fusion-vertical-menu-widget .menu li.current_page_item > a { border-right-color:#000000;border-left-color:#000000;}#wrapper .fusion-fullwidth.fusion-builder-row-1 .fusion-widget-area .tagcloud a:hover { color: #fff; background-color: #000000;border-color: #000000;}#main .fusion-fullwidth.fusion-builder-row-1 .post .blog-shortcode-post-title a:hover {color: #000000;}.fusion-body .fusion-flex-container.fusion-builder-row-1{ padding-top : 120px;margin-top : 0px;padding-right : 0px;padding-bottom : 40px;margin-bottom : 0px;padding-left : 0px;}@media only screen and (max-width:1024px) {.fusion-body .fusion-flex-container.fusion-builder-row-1{ padding-top : 72px;padding-bottom : 42px;}}<\/style><\/div><\/div>\n","protected":false},"excerpt":{"rendered":"","protected":false},"author":1,"featured_media":0,"parent":0,"menu_order":0,"comment_status":"closed","ping_status":"closed","template":"","meta":{"footnotes":""},"yoast_head":"<!-- This site is optimized with the Yoast SEO plugin v17.8 - https:\/\/yoast.com\/wordpress\/plugins\/seo\/ -->\n<title>Fer consulta. - Abogado Andr\u00e9s Ib\u00e1\u00f1ez<\/title>\n<meta name=\"description\" content=\"P\u00e1gina donde los clientes pueden realizar la consulta despu\u00e9s de hacer clic en el bot\u00f3n hacer consulta.\" \/>\n<meta name=\"robots\" content=\"index, follow, max-snippet:-1, max-image-preview:large, max-video-preview:-1\" \/>\n<link rel=\"canonical\" href=\"https:\/\/abogadoandresibanez.com\/ca\/fer-consulta\/\" \/>\n<meta property=\"og:locale\" content=\"ca_ES\" \/>\n<meta property=\"og:type\" content=\"article\" \/>\n<meta property=\"og:title\" content=\"Fer consulta. - Abogado Andr\u00e9s Ib\u00e1\u00f1ez\" \/>\n<meta property=\"og:description\" content=\"P\u00e1gina donde los clientes pueden realizar la consulta despu\u00e9s de hacer clic en el bot\u00f3n hacer consulta.\" \/>\n<meta property=\"og:url\" content=\"https:\/\/abogadoandresibanez.com\/ca\/fer-consulta\/\" \/>\n<meta property=\"og:site_name\" content=\"Abogado Andr\u00e9s Ib\u00e1\u00f1ez\" \/>\n<meta property=\"article:modified_time\" content=\"2021-09-29T08:39:20+00:00\" \/>\n<meta name=\"twitter:card\" content=\"summary_large_image\" \/>\n<meta name=\"twitter:label1\" content=\"Temps estimat de lectura\" \/>\n\t<meta name=\"twitter:data1\" content=\"3 minuts\" \/>\n<script type=\"application\/ld+json\" class=\"yoast-schema-graph\">{\"@context\":\"https:\/\/schema.org\",\"@graph\":[{\"@type\":\"WebSite\",\"@id\":\"https:\/\/abogadoandresibanez.com\/#website\",\"url\":\"https:\/\/abogadoandresibanez.com\/\",\"name\":\"Abogado Andr\\u00e9s Ib\\u00e1\\u00f1ez\",\"description\":\"Lo solucionamos.\",\"potentialAction\":[{\"@type\":\"SearchAction\",\"target\":{\"@type\":\"EntryPoint\",\"urlTemplate\":\"https:\/\/abogadoandresibanez.com\/?s={search_term_string}\"},\"query-input\":\"required name=search_term_string\"}],\"inLanguage\":\"ca\"},{\"@type\":\"WebPage\",\"@id\":\"https:\/\/abogadoandresibanez.com\/ca\/fer-consulta\/#webpage\",\"url\":\"https:\/\/abogadoandresibanez.com\/ca\/fer-consulta\/\",\"name\":\"Fer consulta. - Abogado Andr\\u00e9s Ib\\u00e1\\u00f1ez\",\"isPartOf\":{\"@id\":\"https:\/\/abogadoandresibanez.com\/#website\"},\"datePublished\":\"2021-06-20T09:17:13+00:00\",\"dateModified\":\"2021-09-29T08:39:20+00:00\",\"description\":\"P\\u00e1gina donde los clientes pueden realizar la consulta despu\\u00e9s de hacer clic en el bot\\u00f3n hacer consulta.\",\"breadcrumb\":{\"@id\":\"https:\/\/abogadoandresibanez.com\/ca\/fer-consulta\/#breadcrumb\"},\"inLanguage\":\"ca\",\"potentialAction\":[{\"@type\":\"ReadAction\",\"target\":[\"https:\/\/abogadoandresibanez.com\/ca\/fer-consulta\/\"]}]},{\"@type\":\"BreadcrumbList\",\"@id\":\"https:\/\/abogadoandresibanez.com\/ca\/fer-consulta\/#breadcrumb\",\"itemListElement\":[{\"@type\":\"ListItem\",\"position\":1,\"name\":\"Home\",\"item\":\"https:\/\/abogadoandresibanez.com\/ca\/\"},{\"@type\":\"ListItem\",\"position\":2,\"name\":\"Fer consulta.\"}]}]}<\/script>\n<!-- \/ Yoast SEO plugin. -->","yoast_head_json":{"title":"Fer consulta. - Abogado Andr\u00e9s Ib\u00e1\u00f1ez","description":"P\u00e1gina donde los clientes pueden realizar la consulta despu\u00e9s de hacer clic en el bot\u00f3n hacer consulta.","robots":{"index":"index","follow":"follow","max-snippet":"max-snippet:-1","max-image-preview":"max-image-preview:large","max-video-preview":"max-video-preview:-1"},"canonical":"https:\/\/abogadoandresibanez.com\/ca\/fer-consulta\/","og_locale":"ca_ES","og_type":"article","og_title":"Fer consulta. - Abogado Andr\u00e9s Ib\u00e1\u00f1ez","og_description":"P\u00e1gina donde los clientes pueden realizar la consulta despu\u00e9s de hacer clic en el bot\u00f3n hacer consulta.","og_url":"https:\/\/abogadoandresibanez.com\/ca\/fer-consulta\/","og_site_name":"Abogado Andr\u00e9s Ib\u00e1\u00f1ez","article_modified_time":"2021-09-29T08:39:20+00:00","twitter_card":"summary_large_image","twitter_misc":{"Temps estimat de lectura":"3 minuts"},"schema":{"@context":"https:\/\/schema.org","@graph":[{"@type":"WebSite","@id":"https:\/\/abogadoandresibanez.com\/#website","url":"https:\/\/abogadoandresibanez.com\/","name":"Abogado Andr\u00e9s Ib\u00e1\u00f1ez","description":"Lo solucionamos.","potentialAction":[{"@type":"SearchAction","target":{"@type":"EntryPoint","urlTemplate":"https:\/\/abogadoandresibanez.com\/?s={search_term_string}"},"query-input":"required name=search_term_string"}],"inLanguage":"ca"},{"@type":"WebPage","@id":"https:\/\/abogadoandresibanez.com\/ca\/fer-consulta\/#webpage","url":"https:\/\/abogadoandresibanez.com\/ca\/fer-consulta\/","name":"Fer consulta. - Abogado Andr\u00e9s Ib\u00e1\u00f1ez","isPartOf":{"@id":"https:\/\/abogadoandresibanez.com\/#website"},"datePublished":"2021-06-20T09:17:13+00:00","dateModified":"2021-09-29T08:39:20+00:00","description":"P\u00e1gina donde los clientes pueden realizar la consulta despu\u00e9s de hacer clic en el bot\u00f3n hacer consulta.","breadcrumb":{"@id":"https:\/\/abogadoandresibanez.com\/ca\/fer-consulta\/#breadcrumb"},"inLanguage":"ca","potentialAction":[{"@type":"ReadAction","target":["https:\/\/abogadoandresibanez.com\/ca\/fer-consulta\/"]}]},{"@type":"BreadcrumbList","@id":"https:\/\/abogadoandresibanez.com\/ca\/fer-consulta\/#breadcrumb","itemListElement":[{"@type":"ListItem","position":1,"name":"Home","item":"https:\/\/abogadoandresibanez.com\/ca\/"},{"@type":"ListItem","position":2,"name":"Fer consulta."}]}]}},"_links":{"self":[{"href":"https:\/\/abogadoandresibanez.com\/ca\/wp-json\/wp\/v2\/pages\/2536"}],"collection":[{"href":"https:\/\/abogadoandresibanez.com\/ca\/wp-json\/wp\/v2\/pages"}],"about":[{"href":"https:\/\/abogadoandresibanez.com\/ca\/wp-json\/wp\/v2\/types\/page"}],"author":[{"embeddable":true,"href":"https:\/\/abogadoandresibanez.com\/ca\/wp-json\/wp\/v2\/users\/1"}],"replies":[{"embeddable":true,"href":"https:\/\/abogadoandresibanez.com\/ca\/wp-json\/wp\/v2\/comments?post=2536"}],"version-history":[{"count":5,"href":"https:\/\/abogadoandresibanez.com\/ca\/wp-json\/wp\/v2\/pages\/2536\/revisions"}],"predecessor-version":[{"id":2718,"href":"https:\/\/abogadoandresibanez.com\/ca\/wp-json\/wp\/v2\/pages\/2536\/revisions\/2718"}],"wp:attachment":[{"href":"https:\/\/abogadoandresibanez.com\/ca\/wp-json\/wp\/v2\/media?parent=2536"}],"curies":[{"name":"wp","href":"https:\/\/api.w.org\/{rel}","templated":true}]}}