{"id":2522,"date":"2015-07-01T19:50:39","date_gmt":"2015-07-01T19:50:39","guid":{"rendered":"https:\/\/abogadoandresibanez.com\/reservar-cita\/"},"modified":"2021-07-28T13:36:59","modified_gmt":"2021-07-28T13:36:59","slug":"reservar-cita","status":"publish","type":"page","link":"https:\/\/abogadoandresibanez.com\/ca\/reservar-cita\/","title":{"rendered":"Reservar Cita"},"content":{"rendered":"<div id=\"calendario\"><div class=\"fusion-fullwidth fullwidth-box fusion-builder-row-1 fusion-flex-container hundred-percent-fullwidth non-hundred-percent-height-scrolling\" style=\"background-color: rgba(255,255,255,0);background-position: left top;background-repeat: no-repeat;border-width: 0px 0px 0px 0px;border-color:#eae9e9;border-style:solid;\" ><div class=\"fusion-builder-row fusion-row fusion-flex-align-items-stretch\" style=\"width:calc( 100% + 0px ) !important;max-width:calc( 100% + 0px ) !important;margin-left: calc(-0px \/ 2 );margin-right: calc(-0px \/ 2 );\"><div class=\"fusion-layout-column fusion_builder_column fusion-builder-column-0 fusion_builder_column_1_1 1_1 fusion-flex-column green-border rounded-border\"><div class=\"fusion-column-wrapper fusion-flex-justify-content-center fusion-content-layout-column\" style=\"background-position:left top;background-repeat:no-repeat;-webkit-background-size:cover;-moz-background-size:cover;-o-background-size:cover;background-size:cover;background-color:#ffffff;border-width: 1px 1px 1px 1px;border-color:#e2e2e2;border-style:solid;padding: 55px 60px 20px 60px;\"><style type=\"text\/css\">@media only screen and (max-width:1024px) {.fusion-title.fusion-title-1{margin-top:0px!important;margin-bottom:15px!important;}}<\/style><div class=\"fusion-title title fusion-title-1 fusion-title-center fusion-title-text fusion-title-size-two\" style=\"margin-top:0px;margin-bottom:15px;\"><div class=\"title-sep-container title-sep-container-left\"><div class=\"title-sep sep-\" style=\"border-color:#e0dede;\"><\/div><\/div><h2 class=\"title-heading-center\" style=\"margin:0;\">RESERVA LA TEVA CITA AQU\u00cd<\/h2><div class=\"title-sep-container title-sep-container-right\"><div class=\"title-sep sep-\" style=\"border-color:#e0dede;\"><\/div><\/div><\/div><div class=\"fusion-text fusion-text-1\" style=\"transform:translate3d(0,0,0);\"><p>Escull el dia i hora, emplena els camps amb el teu nom i altres dades, i fes clic a &#8220;Enviar&#8221; . Rebr\u00e0s un correu electr\u00f2nic amb la confirmaci\u00f3 de la teva reserva.<\/p>\n<\/div> <div id=\"form_id1261078733300\" class=\"wpdevelop\"><form  id=\"booking_form1\"   class=\"booking_form vertical\" method=\"post\" action=\"\"><div id=\"ajax_respond_insert1\" class=\"ajax_respond_insert\" style=\"display:none;\"><\/div><a name=\"bklnk1\" id=\"bklnk1\"><\/a><div id=\"booking_form_div1\" class=\"booking_form_div\"><div class=\"wpbc_booking_form_structure wpbc_vertical\">\n  <div class=\"wpbc_structure_calendar\">\n    <div class=\"bk_calendar_frame months_num_in_row_ cal_month_num_1\" style=\"width:284px;\"><div id=\"calendar_booking1\">Calendari carregant...<\/div><\/div><div style=\"font-size:9px;text-align:left;margin-top:3px;\">Powered by <a style=\"font-size:9px;\" href=\"https:\/\/wpbookingcalendar.com\" target=\"_blank\" title=\"Booking Calendar plugin for WordPress\">Booking Calendar<\/a><\/div><textarea id=\"date_booking1\" name=\"date_booking1\" autocomplete=\"off\" style=\"display:none;\"><\/textarea><div class=\"block_hints datepick\"><div class=\"wpdev_hint_with_text\"><div class=\"block_free datepick-days-cell\"><a>&nbsp;<\/a><\/div><div class=\"block_text\">- Disponible<\/div><\/div><div class=\"wpdev_hint_with_text\"><div class=\"block_booked date_approved\">&nbsp;<\/div><div class=\"block_text\">- Reservado<\/div><\/div><div class=\"wpdev_hint_with_text\"><div class=\"block_pending date2approve\">&nbsp;<\/div><div class=\"block_text\">- Pendiente<\/div><\/div><\/div><div class=\"wpdev_clear_hint\"><\/div>\n  <\/div>\n  <div class=\"wpbc_structure_form\">\n  <div class=\"form-group\">  <label for=\"name1\" class=\"control-label\">Nombre*:<\/label>   <div class=\"controls\">   <input type=\"text\" name=\"name1\" id=\"name1\" class=\"input-xlarge wpdev-validates-as-required\" \/><\/div><\/div>  <div class=\"form-group\">  <label for=\"secondname1\" class=\"control-label\">Apellido*:<\/label>   <div class=\"controls\">   <input type=\"text\" name=\"secondname1\" id=\"secondname1\" class=\"input-xlarge wpdev-validates-as-required\" \/><\/div><\/div>  <div class=\"form-group\">  <label for=\"email1\" class=\"control-label\">Correo*:<\/label>   <div class=\"controls\">   <input type=\"text\" name=\"email1\" id=\"email1\" class=\"input-xlarge wpdev-validates-as-email wpdev-validates-as-required wpdev-validates-as-required\" \/><\/div><\/div>  <div class=\"form-group\">  <label for=\"phone1\" class=\"control-label\">Tel\u00e9fono*:<\/label>   <div class=\"controls\">   <input type=\"text\" name=\"phone1\" id=\"phone1\" class=\"input-xlarge wpdev-validates-as-required\" \/><\/div><\/div>  <div class=\"form-group\">  <label for=\"cita1\" class=\"control-label\">Cita*:<\/label>   <div class=\"controls\">   <select name=\"cita1\" id=\"cita1\" class=\"input-xlarge wpdev-validates-as-required\" >  <option value=\"cita online\">cita online<\/option>  <option value=\"cita presencial\">cita presencial<\/option>     <\/select><\/div><\/div>  <div class=\"form-group\">  <label for=\"rangetime1\" class=\"control-label\">Bloques de Tiempo*:<\/label>   <div class=\"controls\">   <select name=\"rangetime1\" id=\"rangetime1\" class=\"input-xlarge wpdev-validates-as-required\" >  <option value=\"09:00 - 10:00\">9:00 AM - 10:00 AM<\/option>  <option value=\"10:00 - 11:00\">10:00 AM - 11:00 AM<\/option>  <option value=\"11:00 - 12:00\">11:00 AM - 12:00 PM (Noon)<\/option>  <option value=\"12:00 - 13:00\">12:00 PM (Noon) - 1:00 PM<\/option>  <option value=\"13:00 - 14:00\">1:00 PM - 2:00 PM<\/option>  <option value=\"14:00 - 15:00\">2:00 PM - 3:00 PM<\/option>  <option value=\"15:00 - 16:00\">3:00 PM - 4:00 PM<\/option>  <option value=\"16:00 - 17:00\">4:00 PM - 5:00 PM<\/option>  <option value=\"17:00 - 18:00\">5:00 PM - 6:00 PM<\/option>  <option value=\"18:00 - 19:00\">6:00 PM - 7:00 PM<\/option>     <\/select><\/div><\/div>  <div class=\"form-group\">   <div class=\"controls\">    <label for=\"proteccio1\" class=\"control-label\" style=\"display: inline-block;\">   <input type=\"checkbox\" name=\"proteccio1\" id=\"proteccio1\" class=\"wpdev-checkbox  wpdev-validates-as-required\" style=\"margin:0 4px 2px;\" value=\"true\" \/>&nbsp;He le\u00eddo y acepto la <a href=\"\/politica-de-privacidad\/\">Politica de Privacidad y Protecci\u00f3n de Datos<\/a><\/label><\/div><\/div><div class=\"form-group\"><\/div>\n<div class=\"form-group\"><button class=\"btn btn-default\" type=\"button\" onclick=\"mybooking_submit(this.form,1,'ca');\" >Enviar<\/button><\/div>\n  <\/div>\n<\/div>\n<div class=\"wpbc_booking_form_footer\"><\/div><input id=\"bk_type1\" name=\"bk_type1\" class=\"\" type=\"hidden\" value=\"1\" \/><\/div><div id=\"submiting1\"><\/div><div class=\"form_bk_messages\" id=\"form_bk_messages1\" ><\/div><input type=\"hidden\" id=\"wpbc_nonce1\" name=\"wpbc_nonce1\" value=\"2caa1e9609\" \/><input type=\"hidden\" name=\"_wp_http_referer\" value=\"\/ca\/wp-json\/wp\/v2\/pages\/2522\" \/><input type=\"hidden\" id=\"wpbc_nonceCALCULATE_THE_COST1\" name=\"wpbc_nonceCALCULATE_THE_COST1\" value=\"33b9add32c\" \/><input type=\"hidden\" name=\"_wp_http_referer\" value=\"\/ca\/wp-json\/wp\/v2\/pages\/2522\" \/><\/form><\/div><div id=\"booking_form_garbage1\" class=\"booking_form_garbage\"><\/div><script type=\"text\/javascript\">\n                                jQuery(document).ready( function(){\n                                    jQuery(\".widget_wpdev_booking .booking_form.form-horizontal\").removeClass(\"form-horizontal\");\n                                    var visible_booking_id_on_page_num = visible_booking_id_on_page.length;\n                                    if (visible_booking_id_on_page_num !== null ) {\n                                        for (var i=0;i< visible_booking_id_on_page_num ;i++){\n                                          if ( visible_booking_id_on_page[i]==\"booking_form_div1\" ) {\n                                              document.getElementById(\"form_id1261078733300\").innerHTML = \"<span style='color:#A00;font-size:10px;'>Advert\u00e8ncia! El calendari de reserva per a aquest recurs est\u00e0 a m\u00e9s a la p\u00e0gina, comproveu m\u00e9s sobre aquest problema a aquesta p\u00e0gina: https:\/\/wpbookingcalendar.com\/faq\/why-the-booking-calendar-widget-not-show-on-page\/<\/span>\";                                                                                                  \n                                              jQuery(\"#form_id1261078733300\").animate( {opacity: 1}, 10000 ).fadeOut(5000);\n                                              return;\n                                          }\n                                        }\n                                        visible_booking_id_on_page[ visible_booking_id_on_page_num ]=\"booking_form_div1\";\n                                    }\n                                });\n                            <\/script> <script type='text\/javascript'>  jQuery(document).ready( function(){  date_admin_blank[1] = [];  date2approve[1] = [];  var date_approved_par = [];  init_datepick_cal('1', date_approved_par, 1 , 1, false   );  }); <\/script><\/div><\/div><style type=\"text\/css\">.fusion-body .fusion-builder-column-0{width:100% !important;margin-top : 0px;margin-bottom : 20px;}.fusion-builder-column-0 > .fusion-column-wrapper {padding-top : 55px !important;padding-right : 60px !important;margin-right : 0px;padding-bottom : 20px !important;padding-left : 60px !important;margin-left : 0px;}@media only screen and (max-width:1024px) {.fusion-body .fusion-builder-column-0{width:100% !important;order : 0;}.fusion-builder-column-0 > .fusion-column-wrapper {margin-right : 0px;margin-left : 0px;}}@media only screen and (max-width:850px) {.fusion-body .fusion-builder-column-0{width:100% !important;order : 0;}.fusion-builder-column-0 > .fusion-column-wrapper {margin-right : 0px;margin-left : 0px;}}<\/style><\/div><style type=\"text\/css\">.fusion-body .fusion-flex-container.fusion-builder-row-1{ padding-top : 110px;margin-top : 0px;padding-right : 0px;padding-bottom : 100px;margin-bottom : 0px;padding-left : 0px;}@media only screen and (max-width:1024px) {.fusion-body .fusion-flex-container.fusion-builder-row-1{ padding-top : 60px;padding-bottom : 48px;}}<\/style><\/div><\/div>\n","protected":false},"excerpt":{"rendered":"","protected":false},"author":1,"featured_media":0,"parent":0,"menu_order":0,"comment_status":"closed","ping_status":"open","template":"100-width.php","meta":{"footnotes":""},"yoast_head":"<!-- This site is optimized with the Yoast SEO plugin v17.8 - https:\/\/yoast.com\/wordpress\/plugins\/seo\/ -->\n<title>Reservar Cita - Abogado Andr\u00e9s Ib\u00e1\u00f1ez<\/title>\n<meta name=\"description\" content=\"Agenda el d\u00eda y hora que te va bien para poder reunirnos. Si por alg\u00fan motivo no puedes asistir, av\u00edsame lo antes posible.\" \/>\n<meta name=\"robots\" content=\"noindex, nofollow\" \/>\n<meta property=\"og:locale\" content=\"ca_ES\" \/>\n<meta property=\"og:type\" content=\"article\" \/>\n<meta property=\"og:title\" content=\"Reservar Cita - Abogado Andr\u00e9s Ib\u00e1\u00f1ez\" \/>\n<meta property=\"og:description\" content=\"Agenda el d\u00eda y hora que te va bien para poder reunirnos. Si por alg\u00fan motivo no puedes asistir, av\u00edsame lo antes posible.\" \/>\n<meta property=\"og:url\" content=\"https:\/\/abogadoandresibanez.com\/ca\/reservar-cita\/\" \/>\n<meta property=\"og:site_name\" content=\"Abogado Andr\u00e9s Ib\u00e1\u00f1ez\" \/>\n<meta property=\"article:modified_time\" content=\"2021-07-28T13:36:59+00:00\" \/>\n<meta name=\"twitter:card\" content=\"summary_large_image\" \/>\n<meta name=\"twitter:label1\" content=\"Temps estimat de lectura\" \/>\n\t<meta name=\"twitter:data1\" content=\"2 minuts\" \/>\n<script type=\"application\/ld+json\" class=\"yoast-schema-graph\">{\"@context\":\"https:\/\/schema.org\",\"@graph\":[{\"@type\":\"WebSite\",\"@id\":\"https:\/\/abogadoandresibanez.com\/#website\",\"url\":\"https:\/\/abogadoandresibanez.com\/\",\"name\":\"Abogado Andr\\u00e9s Ib\\u00e1\\u00f1ez\",\"description\":\"Lo solucionamos.\",\"potentialAction\":[{\"@type\":\"SearchAction\",\"target\":{\"@type\":\"EntryPoint\",\"urlTemplate\":\"https:\/\/abogadoandresibanez.com\/?s={search_term_string}\"},\"query-input\":\"required name=search_term_string\"}],\"inLanguage\":\"ca\"},{\"@type\":\"WebPage\",\"@id\":\"https:\/\/abogadoandresibanez.com\/ca\/reservar-cita\/#webpage\",\"url\":\"https:\/\/abogadoandresibanez.com\/ca\/reservar-cita\/\",\"name\":\"Reservar Cita - Abogado Andr\\u00e9s Ib\\u00e1\\u00f1ez\",\"isPartOf\":{\"@id\":\"https:\/\/abogadoandresibanez.com\/#website\"},\"datePublished\":\"2015-07-01T19:50:39+00:00\",\"dateModified\":\"2021-07-28T13:36:59+00:00\",\"description\":\"Agenda el d\\u00eda y hora que te va bien para poder reunirnos. Si por alg\\u00fan motivo no puedes asistir, av\\u00edsame lo antes posible.\",\"breadcrumb\":{\"@id\":\"https:\/\/abogadoandresibanez.com\/ca\/reservar-cita\/#breadcrumb\"},\"inLanguage\":\"ca\",\"potentialAction\":[{\"@type\":\"ReadAction\",\"target\":[\"https:\/\/abogadoandresibanez.com\/ca\/reservar-cita\/\"]}]},{\"@type\":\"BreadcrumbList\",\"@id\":\"https:\/\/abogadoandresibanez.com\/ca\/reservar-cita\/#breadcrumb\",\"itemListElement\":[{\"@type\":\"ListItem\",\"position\":1,\"name\":\"Home\",\"item\":\"https:\/\/abogadoandresibanez.com\/ca\/\"},{\"@type\":\"ListItem\",\"position\":2,\"name\":\"Reservar Cita\"}]}]}<\/script>\n<!-- \/ Yoast SEO plugin. -->","yoast_head_json":{"title":"Reservar Cita - Abogado Andr\u00e9s Ib\u00e1\u00f1ez","description":"Agenda el d\u00eda y hora que te va bien para poder reunirnos. Si por alg\u00fan motivo no puedes asistir, av\u00edsame lo antes posible.","robots":{"index":"noindex","follow":"nofollow"},"og_locale":"ca_ES","og_type":"article","og_title":"Reservar Cita - Abogado Andr\u00e9s Ib\u00e1\u00f1ez","og_description":"Agenda el d\u00eda y hora que te va bien para poder reunirnos. Si por alg\u00fan motivo no puedes asistir, av\u00edsame lo antes posible.","og_url":"https:\/\/abogadoandresibanez.com\/ca\/reservar-cita\/","og_site_name":"Abogado Andr\u00e9s Ib\u00e1\u00f1ez","article_modified_time":"2021-07-28T13:36:59+00:00","twitter_card":"summary_large_image","twitter_misc":{"Temps estimat de lectura":"2 minuts"},"schema":{"@context":"https:\/\/schema.org","@graph":[{"@type":"WebSite","@id":"https:\/\/abogadoandresibanez.com\/#website","url":"https:\/\/abogadoandresibanez.com\/","name":"Abogado Andr\u00e9s Ib\u00e1\u00f1ez","description":"Lo solucionamos.","potentialAction":[{"@type":"SearchAction","target":{"@type":"EntryPoint","urlTemplate":"https:\/\/abogadoandresibanez.com\/?s={search_term_string}"},"query-input":"required name=search_term_string"}],"inLanguage":"ca"},{"@type":"WebPage","@id":"https:\/\/abogadoandresibanez.com\/ca\/reservar-cita\/#webpage","url":"https:\/\/abogadoandresibanez.com\/ca\/reservar-cita\/","name":"Reservar Cita - Abogado Andr\u00e9s Ib\u00e1\u00f1ez","isPartOf":{"@id":"https:\/\/abogadoandresibanez.com\/#website"},"datePublished":"2015-07-01T19:50:39+00:00","dateModified":"2021-07-28T13:36:59+00:00","description":"Agenda el d\u00eda y hora que te va bien para poder reunirnos. Si por alg\u00fan motivo no puedes asistir, av\u00edsame lo antes posible.","breadcrumb":{"@id":"https:\/\/abogadoandresibanez.com\/ca\/reservar-cita\/#breadcrumb"},"inLanguage":"ca","potentialAction":[{"@type":"ReadAction","target":["https:\/\/abogadoandresibanez.com\/ca\/reservar-cita\/"]}]},{"@type":"BreadcrumbList","@id":"https:\/\/abogadoandresibanez.com\/ca\/reservar-cita\/#breadcrumb","itemListElement":[{"@type":"ListItem","position":1,"name":"Home","item":"https:\/\/abogadoandresibanez.com\/ca\/"},{"@type":"ListItem","position":2,"name":"Reservar Cita"}]}]}},"_links":{"self":[{"href":"https:\/\/abogadoandresibanez.com\/ca\/wp-json\/wp\/v2\/pages\/2522"}],"collection":[{"href":"https:\/\/abogadoandresibanez.com\/ca\/wp-json\/wp\/v2\/pages"}],"about":[{"href":"https:\/\/abogadoandresibanez.com\/ca\/wp-json\/wp\/v2\/types\/page"}],"author":[{"embeddable":true,"href":"https:\/\/abogadoandresibanez.com\/ca\/wp-json\/wp\/v2\/users\/1"}],"replies":[{"embeddable":true,"href":"https:\/\/abogadoandresibanez.com\/ca\/wp-json\/wp\/v2\/comments?post=2522"}],"version-history":[{"count":3,"href":"https:\/\/abogadoandresibanez.com\/ca\/wp-json\/wp\/v2\/pages\/2522\/revisions"}],"predecessor-version":[{"id":2525,"href":"https:\/\/abogadoandresibanez.com\/ca\/wp-json\/wp\/v2\/pages\/2522\/revisions\/2525"}],"wp:attachment":[{"href":"https:\/\/abogadoandresibanez.com\/ca\/wp-json\/wp\/v2\/media?parent=2522"}],"curies":[{"name":"wp","href":"https:\/\/api.w.org\/{rel}","templated":true}]}}