{"id":2513,"date":"2021-06-21T07:12:10","date_gmt":"2021-06-21T07:12:10","guid":{"rendered":"https:\/\/abogadoandresibanez.com\/contactar\/"},"modified":"2023-08-22T16:46:28","modified_gmt":"2023-08-22T16:46:28","slug":"contactar","status":"publish","type":"page","link":"https:\/\/abogadoandresibanez.com\/ca\/contactar\/","title":{"rendered":"Contactar amb Andr\u00e9s Ib\u00e1\u00f1ez"},"content":{"rendered":"<p><div id=\"calendario\"><div class=\"fusion-fullwidth fullwidth-box fusion-builder-row-1 fusion-flex-container hundred-percent-fullwidth non-hundred-percent-height-scrolling\" style=\"background-color: rgba(255,255,255,0);background-position: left top;background-repeat: no-repeat;border-width: 0px 0px 0px 0px;border-color:#eae9e9;border-style:solid;\" ><div class=\"fusion-builder-row fusion-row fusion-flex-align-items-stretch\" style=\"width:calc( 100% + 0px ) !important;max-width:calc( 100% + 0px ) !important;margin-left: calc(-0px \/ 2 );margin-right: calc(-0px \/ 2 );\"><div class=\"fusion-layout-column fusion_builder_column fusion-builder-column-0 fusion_builder_column_1_4 1_4 fusion-flex-column green-border rounded-border\"><div class=\"fusion-column-wrapper fusion-flex-justify-content-center fusion-content-layout-column\" style=\"background-position:left top;background-repeat:no-repeat;-webkit-background-size:cover;-moz-background-size:cover;-o-background-size:cover;background-size:cover;background-color:#ffffff;border-width: 1px 1px 1px 1px;border-color:#e2e2e2;border-style:solid;padding: 55px 60px 20px 60px;\"><div class=\"fusion-content-boxes content-boxes columns row fusion-columns-1 fusion-columns-total-4 fusion-content-boxes-1 content-boxes-icon-on-top content-left\" data-animationOffset=\"100%\" style=\"margin-top:0px;margin-bottom:0px;\"><style type=\"text\/css\">.fusion-content-boxes-1 .heading .content-box-heading {color:#3b4251;}\n\t\t\t\t\t.fusion-content-boxes-1 .fusion-content-box-hover .link-area-link-icon-hover .heading .content-box-heading,\n\t\t\t\t\t.fusion-content-boxes-1 .fusion-content-box-hover .link-area-link-icon-hover .heading .heading-link .content-box-heading,\n\t\t\t\t\t.fusion-content-boxes-1 .fusion-content-box-hover .link-area-box-hover .heading .content-box-heading,\n\t\t\t\t\t.fusion-content-boxes-1 .fusion-content-box-hover .link-area-box-hover .heading .heading-link .content-box-heading,\n\t\t\t\t\t.fusion-content-boxes-1 .fusion-content-box-hover .link-area-link-icon-hover.link-area-box .fusion-read-more,\n\t\t\t\t\t.fusion-content-boxes-1 .fusion-content-box-hover .link-area-link-icon-hover.link-area-box .fusion-read-more::after,\n\t\t\t\t\t.fusion-content-boxes-1 .fusion-content-box-hover .link-area-link-icon-hover.link-area-box .fusion-read-more::before,\n\t\t\t\t\t.fusion-content-boxes-1 .fusion-content-box-hover .fusion-read-more:hover:after,\n\t\t\t\t\t.fusion-content-boxes-1 .fusion-content-box-hover .fusion-read-more:hover:before,\n\t\t\t\t\t.fusion-content-boxes-1 .fusion-content-box-hover .fusion-read-more:hover,\n\t\t\t\t\t.fusion-content-boxes-1 .fusion-content-box-hover .link-area-box-hover.link-area-box .fusion-read-more,\n\t\t\t\t\t.fusion-content-boxes-1 .fusion-content-box-hover .link-area-box-hover.link-area-box .fusion-read-more::after,\n\t\t\t\t\t.fusion-content-boxes-1 .fusion-content-box-hover .link-area-box-hover.link-area-box .fusion-read-more::before,\n\t\t\t\t\t.fusion-content-boxes-1 .fusion-content-box-hover .link-area-link-icon-hover .icon .circle-no,\n\t\t\t\t\t.fusion-content-boxes-1 .heading .heading-link:hover .content-box-heading {\n\t\t\t\t\t\tcolor: #a6bf30;\n\t\t\t\t\t}\n\t\t\t\t\t.fusion-content-boxes-1 .fusion-content-box-hover .link-area-box-hover .icon .circle-no {\n\t\t\t\t\t\tcolor: #a6bf30 !important;\n\t\t\t\t\t}.fusion-content-boxes-1 .fusion-content-box-hover .link-area-box.link-area-box-hover .fusion-content-box-button {background: #ffffff;color: #638e1a;}.fusion-content-boxes-1 .fusion-content-box-hover .link-area-box.link-area-box-hover .fusion-content-box-button .fusion-button-text {color: #638e1a;}\n\t\t\t\t\t.fusion-content-boxes-1 .fusion-content-box-hover .link-area-link-icon-hover .heading .icon > span {\n\t\t\t\t\t\tbackground-color: transparent !important;\n\t\t\t\t\t}\n\t\t\t\t\t.fusion-content-boxes-1 .fusion-content-box-hover .link-area-box-hover .heading .icon > span {\n\t\t\t\t\t\tborder-color: #a6bf30 !important;\n\t\t\t\t\t}<\/style><div class=\"fusion-column content-box-column content-box-column content-box-column-1 col-lg-12 col-md-12 col-sm-12 fusion-content-box-hover content-box-column-last-in-row\"><div class=\"col content-box-wrapper content-wrapper link-area-box icon-hover-animation-slide\" style=\"background-color:rgba(255,255,255,0);\" data-animationOffset=\"100%\"><div class=\"heading heading-with-icon icon-left\"><div class=\"icon\"><i style=\"background-color:transparent;border-color:transparent;height:auto;width: 44px;line-height:normal;color:#a6bf30;font-size:44px;\" aria-hidden=\"true\" class=\"fontawesome-icon fa-home fas circle-no\"><\/i><\/div><h2 class=\"content-box-heading\" style=\"font-size:18px;line-height:23px;\">Adre\u00e7a<\/h2><\/div><div class=\"fusion-clearfix\"><\/div><div class=\"content-container\" style=\"color:#747474;\">\n<p style=\"text-align: center;\">Carrer Acad\u00e8mia 42 (entresol), 25002 Lleida<\/p>\n<\/div><\/div><\/div><div class=\"fusion-column content-box-column content-box-column content-box-column-2 col-lg-12 col-md-12 col-sm-12 fusion-content-box-hover content-box-column-last-in-row\"><div class=\"col content-box-wrapper content-wrapper link-area-box icon-hover-animation-slide\" style=\"background-color:rgba(255,255,255,0);\" data-animationOffset=\"100%\"><div class=\"heading heading-with-icon icon-left\"><div class=\"icon\"><i style=\"background-color:transparent;border-color:transparent;height:auto;width: 44px;line-height:normal;color:#a6bf30;font-size:44px;\" aria-hidden=\"true\" class=\"fontawesome-icon fa-phone fas circle-no\"><\/i><\/div><h2 class=\"content-box-heading\" style=\"font-size:18px;line-height:23px;\">Tel\u00e8fon<\/h2><\/div><div class=\"fusion-clearfix\"><\/div><div class=\"content-container\" style=\"color:#747474;\">\n<p style=\"text-align: center;\"><a href=\"tel:+34613241385\">613 24 13 85<\/a><\/p>\n<\/div><\/div><\/div><div class=\"fusion-column content-box-column content-box-column content-box-column-3 col-lg-12 col-md-12 col-sm-12 fusion-content-box-hover content-box-column-last-in-row\"><div class=\"col content-box-wrapper content-wrapper link-area-box link-type-text icon-hover-animation-slide\" style=\"background-color:rgba(255,255,255,0);\" data-link=\"https:\/\/api.whatsapp.com\/send?phone=34620314944&amp;text=Consulta:\" data-link-target=\"_self\" data-animationOffset=\"100%\"><div class=\"heading heading-with-icon icon-left\"><a class=\"heading-link\" href=\"https:\/\/api.whatsapp.com\/send?phone=34620314944&amp;text=Consulta:\" target=\"_self\"><div class=\"icon\"><i style=\"background-color:transparent;border-color:transparent;height:auto;width: 44px;line-height:normal;color:#a6bf30;font-size:44px;\" aria-hidden=\"true\" class=\"fontawesome-icon fa-whatsapp fab circle-no\"><\/i><\/div><h2 class=\"content-box-heading\" style=\"font-size:18px;line-height:23px;\">Whatsapp<\/h2><\/a><\/div><div class=\"fusion-clearfix\"><\/div><div class=\"content-container\" style=\"color:#747474;\">\n<p style=\"text-align: center;\"><a href=\"https:\/\/api.whatsapp.com\/send?phone=34613241385&amp;text=Consulta:\">613 24 13 85<\/a><\/p>\n<\/div><\/div><\/div><div class=\"fusion-column content-box-column content-box-column content-box-column-4 col-lg-12 col-md-12 col-sm-12 fusion-content-box-hover content-box-column-last content-box-column-last-in-row\"><div class=\"col content-box-wrapper content-wrapper link-area-box icon-hover-animation-slide\" style=\"background-color:rgba(255,255,255,0);\" data-animationOffset=\"100%\"><div class=\"heading heading-with-icon icon-left\"><div class=\"icon\"><i style=\"background-color:transparent;border-color:transparent;height:auto;width: 44px;line-height:normal;color:#a6bf30;font-size:44px;\" aria-hidden=\"true\" class=\"fontawesome-icon fa-envelope far circle-no\"><\/i><\/div><h2 class=\"content-box-heading\" style=\"font-size:18px;line-height:23px;\">Correu electr\u00f2nic<\/h2><\/div><div class=\"fusion-clearfix\"><\/div><div class=\"content-container\" style=\"color:#747474;\">\n<p style=\"text-align: center;\"><a href=\"mailto:info@abogadoandresibanez.com\">info@abogadoandresibanez.com<\/a><\/p>\n<\/div><\/div><\/div><style type=\"text\/css\">\n\t\t\t\t\t\t.fusion-content-boxes-1 .fusion-content-box-hover .heading-link:hover .icon i.circle-yes,\n\t\t\t\t\t\t.fusion-content-boxes-1 .fusion-content-box-hover .link-area-box:hover .heading-link .icon i.circle-yes,\n\t\t\t\t\t\t.fusion-content-boxes-1 .fusion-content-box-hover .link-area-link-icon-hover .heading .icon i.circle-yes,\n\t\t\t\t\t\t.fusion-content-boxes-1 .fusion-content-box-hover .link-area-box-hover .heading .icon i.circle-yes {\n\t\t\t\t\t\t\tbackground-color: transparent !important;\n\t\t\t\t\t\t\tborder-color: #a6bf30 !important;\n\t\t\t\t\t\t}<\/style><div class=\"fusion-clearfix\"><\/div><\/div><\/div><\/div><style type=\"text\/css\">.fusion-body .fusion-builder-column-0{width:25% !important;margin-top : 0px;margin-bottom : 20px;}.fusion-builder-column-0 > .fusion-column-wrapper {padding-top : 55px !important;padding-right : 60px !important;margin-right : 0px;padding-bottom : 20px !important;padding-left : 60px !important;margin-left : 0px;}@media only screen and (max-width:1024px) {.fusion-body .fusion-builder-column-0{width:100% !important;order : 2;}.fusion-builder-column-0 > .fusion-column-wrapper {margin-right : 0px;margin-left : 0px;}}@media only screen and (max-width:850px) {.fusion-body .fusion-builder-column-0{width:100% !important;order : 2;}.fusion-builder-column-0 > .fusion-column-wrapper {margin-right : 0px;margin-left : 0px;}}<\/style><div class=\"fusion-layout-column fusion_builder_column fusion-builder-column-1 fusion_builder_column_3_4 3_4 fusion-flex-column green-border rounded-border\"><div class=\"fusion-column-wrapper fusion-flex-justify-content-center fusion-content-layout-column\" style=\"background-position:left top;background-repeat:no-repeat;-webkit-background-size:cover;-moz-background-size:cover;-o-background-size:cover;background-size:cover;background-color:#ffffff;border-width: 1px 1px 1px 1px;border-color:#e2e2e2;border-style:solid;padding: 55px 60px 20px 60px;\"><style type=\"text\/css\">@media only screen and (max-width:1024px) {.fusion-title.fusion-title-1{margin-top:0px!important;margin-bottom:15px!important;}}<\/style><div class=\"fusion-title title fusion-title-1 fusion-title-center fusion-title-text fusion-title-size-one\" style=\"margin-top:0px;margin-bottom:15px;\"><div class=\"title-sep-container title-sep-container-left\"><div class=\"title-sep sep-\" style=\"border-color:#e0dede;\"><\/div><\/div><h1 class=\"title-heading-center\" style=\"margin:0;color:#a6bf30;\"><strong>CONTACTAR AMB ANDR\u00c9S\u00a0<\/strong><\/h1><div class=\"title-sep-container title-sep-container-right\"><div class=\"title-sep sep-\" style=\"border-color:#e0dede;\"><\/div><\/div><\/div><div class=\"fusion-text fusion-text-1\" style=\"line-height:1em;transform:translate3d(0,0,0);\"><p style=\"text-align: center;\">Per a contactar emplena les teves dades de contacte en el seg\u00fcent formulari.<\/p>\n<p style=\"text-align: center;\">Si deixes el teu n\u00famero de tel\u00e8fon et trucar\u00e9 o t&#8217;enviar\u00e9 un whatsapp.<\/p>\n<\/div><div class=\"fusion-separator fusion-full-width-sep\" style=\"align-self: center;margin-left: auto;margin-right: auto;margin-top:2%;width:100%;\"><\/div><div class=\"fusion-text fusion-text-2\" style=\"transform:translate3d(0,0,0);\"><div class=\"wpforms-container wpforms-container-full\" id=\"wpforms-2517\"><form id=\"wpforms-form-2517\" class=\"wpforms-validate wpforms-form\" data-formid=\"2517\" method=\"post\" enctype=\"multipart\/form-data\" action=\"\/ca\/wp-json\/wp\/v2\/pages\/2513\" data-token=\"79910c12c7f0f25402f61ca6411a5d76\"><noscript class=\"wpforms-error-noscript\">Please enable JavaScript in your browser to complete this form.<\/noscript><div class=\"wpforms-field-container\"><div id=\"wpforms-2517-field_1-container\" class=\"wpforms-field wpforms-field-name wpforms-one-half wpforms-first\" data-field-id=\"1\"><label class=\"wpforms-field-label\" for=\"wpforms-2517-field_1\">Nom i Cognom <span class=\"wpforms-required-label\">*<\/span><\/label><input type=\"text\" id=\"wpforms-2517-field_1\" class=\"wpforms-field-large wpforms-field-required\" name=\"wpforms[fields][1]\" required><\/div><div id=\"wpforms-2517-field_5-container\" class=\"wpforms-field wpforms-field-number wpforms-one-half\" data-field-id=\"5\"><label class=\"wpforms-field-label\" for=\"wpforms-2517-field_5\">Tel\u00e8fon<\/label><input type=\"number\" pattern=\"\\d*\" id=\"wpforms-2517-field_5\" class=\"wpforms-field-large\" name=\"wpforms[fields][5]\" ><\/div><div id=\"wpforms-2517-field_2-container\" class=\"wpforms-field wpforms-field-email\" data-field-id=\"2\"><label class=\"wpforms-field-label\" for=\"wpforms-2517-field_2\">Adre\u00e7a electr\u00f2nica <span class=\"wpforms-required-label\">*<\/span><\/label><input type=\"email\" id=\"wpforms-2517-field_2\" class=\"wpforms-field-large wpforms-field-required\" name=\"wpforms[fields][2]\" required><\/div><div id=\"wpforms-2517-field_4-container\" class=\"wpforms-field wpforms-field-textarea\" data-field-id=\"4\"><label class=\"wpforms-field-label\" for=\"wpforms-2517-field_4\">Si vols que et truqui indica quina hora et va b\u00e9. O si prefereixes missatge de whatsapp indica-ho, si us plau.<\/label><textarea id=\"wpforms-2517-field_4\" class=\"wpforms-field-medium\" name=\"wpforms[fields][4]\" ><\/textarea><\/div><div id=\"wpforms-2517-field_6-container\" class=\"wpforms-field wpforms-field-checkbox\" data-field-id=\"6\"><ul id=\"wpforms-2517-field_6\" class=\"wpforms-field-required\"><li class=\"choice-1 depth-1\"><input type=\"checkbox\" id=\"wpforms-2517-field_6_1\" name=\"wpforms[fields][6][]\" value=\"He llegit i accepto la &lt;a href=&quot;\/ca\/politica-de-privacitat\/&quot;&gt;Pol\u00edtica de Privacitat i Protecci\u00f3 de dades&lt;\/a&gt;\" required ><label class=\"wpforms-field-label-inline\" for=\"wpforms-2517-field_6_1\">He llegit i accepto la <a href=\"\/ca\/politica-de-privacitat\/\">Pol\u00edtica de Privacitat i Protecci\u00f3 de dades<\/a><\/label><\/li><\/ul><\/div><\/div><div class=\"wpforms-submit-container\"><input type=\"hidden\" name=\"wpforms[id]\" value=\"2517\"><input type=\"hidden\" name=\"wpforms[author]\" value=\"1\"><button type=\"submit\" name=\"wpforms[submit]\" id=\"wpforms-submit-2517\" class=\"wpforms-submit\" data-alt-text=\"Enviant...\" data-submit-text=\"Contactar.\" aria-live=\"assertive\" value=\"wpforms-submit\">Contactar.<\/button><\/div><\/form><\/div>  <!-- .wpforms-container -->\n<\/div><\/div><\/div><style type=\"text\/css\">.fusion-body .fusion-builder-column-1{width:75% !important;margin-top : 0px;margin-bottom : 20px;}.fusion-builder-column-1 > .fusion-column-wrapper {padding-top : 55px !important;padding-right : 60px !important;margin-right : 0px;padding-bottom : 20px !important;padding-left : 60px !important;margin-left : 0px;}@media only screen and (max-width:1024px) {.fusion-body .fusion-builder-column-1{width:100% !important;order : 1;}.fusion-builder-column-1 > .fusion-column-wrapper {padding-right : 2% !important;margin-right : 0px;padding-left : 2% !important;margin-left : 0px;}}@media only screen and (max-width:850px) {.fusion-body .fusion-builder-column-1{width:100% !important;order : 1;}.fusion-builder-column-1 > .fusion-column-wrapper {padding-right : 1% !important;margin-right : 0px;padding-left : 1% !important;margin-left : 0px;}}<\/style><\/div><style type=\"text\/css\">.fusion-body .fusion-flex-container.fusion-builder-row-1{ padding-top : 110px;margin-top : 0px;padding-right : 10%;padding-bottom : 100px;margin-bottom : 0px;padding-left : 10%;}@media only screen and (max-width:1024px) {.fusion-body .fusion-flex-container.fusion-builder-row-1{ padding-top : 60px;padding-right : 0%;padding-bottom : 48px;padding-left : 0%;}}@media only screen and (max-width:850px) {.fusion-body .fusion-flex-container.fusion-builder-row-1{ padding-right : 0%;padding-left : 0%;}}<\/style><\/div><\/div><div id=\"mapa\"><div class=\"fusion-fullwidth fullwidth-box fusion-builder-row-2 fusion-flex-container hundred-percent-fullwidth non-hundred-percent-height-scrolling\" style=\"background-color: rgba(255,255,255,0);background-position: center center;background-repeat: no-repeat;border-width: 0px 0px 0px 0px;border-color:#eae9e9;border-style:solid;\" ><div class=\"fusion-builder-row fusion-row fusion-flex-align-items-flex-start\" style=\"width:104% !important;max-width:104% !important;margin-left: calc(-4% \/ 2 );margin-right: calc(-4% \/ 2 );\"><div class=\"fusion-layout-column fusion_builder_column fusion-builder-column-2 fusion_builder_column_1_1 1_1 fusion-flex-column\"><div class=\"fusion-column-wrapper fusion-flex-justify-content-flex-start fusion-content-layout-column\" style=\"background-position:left top;background-repeat:no-repeat;-webkit-background-size:cover;-moz-background-size:cover;-o-background-size:cover;background-size:cover;padding: 0% 0% 0% 0%;\"><div class=\"fusion-text fusion-text-3\" style=\"transform:translate3d(0,0,0);\"><p><iframe style=\"border: 0;\" src=\"https:\/\/www.google.com\/maps\/embed?pb=!1m18!1m12!1m3!1d2983.112578917257!2d0.6148415154327159!3d41.61007717924443!2m3!1f0!2f0!3f0!3m2!1i1024!2i768!4f13.1!3m3!1m2!1s0x12a6e01212b6c33f%3A0xce49d30e7b34ed1f!2sCarrer%20Acad%C3%A8mia%2C%2042%2C%2025002%20Lleida!5e0!3m2!1ses!2ses!4v1628077426210!5m2!1ses!2ses\" width=\"100%\" height=\"450\" allowfullscreen=\"allowfullscreen\"><\/iframe><\/p>\n<\/div><\/div><\/div><style type=\"text\/css\">.fusion-body .fusion-builder-column-2{width:100% !important;margin-top : 0px;margin-bottom : 0px;}.fusion-builder-column-2 > .fusion-column-wrapper {padding-top : 0% !important;padding-right : 0% !important;margin-right : 1.92%;padding-bottom : 0% !important;padding-left : 0% !important;margin-left : 1.92%;}@media only screen and (max-width:1024px) {.fusion-body .fusion-builder-column-2{width:100% !important;order : 0;}.fusion-builder-column-2 > .fusion-column-wrapper {margin-right : 1.92%;margin-left : 1.92%;}}@media only screen and (max-width:850px) {.fusion-body .fusion-builder-column-2{width:100% !important;order : 0;}.fusion-builder-column-2 > .fusion-column-wrapper {margin-right : 1.92%;margin-left : 1.92%;}}<\/style><\/div><style type=\"text\/css\">.fusion-body .fusion-flex-container.fusion-builder-row-2{ padding-top : 0%;margin-top : 0;padding-right : 0%;padding-bottom : 0%;margin-bottom : 0;padding-left : 0%;}<\/style><\/div><\/div><\/p>\n","protected":false},"excerpt":{"rendered":"","protected":false},"author":1,"featured_media":0,"parent":0,"menu_order":0,"comment_status":"closed","ping_status":"closed","template":"100-width.php","meta":{"footnotes":""},"yoast_head":"<!-- This site is optimized with the Yoast SEO plugin v17.8 - https:\/\/yoast.com\/wordpress\/plugins\/seo\/ -->\n<title>Contactar amb Andr\u00e9s Ib\u00e1\u00f1ez - Abogado Andr\u00e9s Ib\u00e1\u00f1ez<\/title>\n<meta name=\"description\" content=\"P\u00e1gina donde dejar los datos para contactar con Andr\u00e9s Ib\u00e1\u00f1ez.\" \/>\n<meta name=\"robots\" content=\"noindex, nofollow\" \/>\n<meta property=\"og:locale\" content=\"ca_ES\" \/>\n<meta property=\"og:type\" content=\"article\" \/>\n<meta property=\"og:title\" content=\"Contactar amb Andr\u00e9s Ib\u00e1\u00f1ez - Abogado Andr\u00e9s Ib\u00e1\u00f1ez\" \/>\n<meta property=\"og:description\" content=\"P\u00e1gina donde dejar los datos para contactar con Andr\u00e9s Ib\u00e1\u00f1ez.\" \/>\n<meta property=\"og:url\" content=\"https:\/\/abogadoandresibanez.com\/ca\/contactar\/\" \/>\n<meta property=\"og:site_name\" content=\"Abogado Andr\u00e9s Ib\u00e1\u00f1ez\" \/>\n<meta property=\"article:modified_time\" content=\"2023-08-22T16:46:28+00:00\" \/>\n<meta name=\"twitter:card\" content=\"summary_large_image\" \/>\n<meta name=\"twitter:label1\" content=\"Temps estimat de lectura\" \/>\n\t<meta name=\"twitter:data1\" content=\"4 minuts\" \/>\n<script type=\"application\/ld+json\" class=\"yoast-schema-graph\">{\"@context\":\"https:\/\/schema.org\",\"@graph\":[{\"@type\":\"WebSite\",\"@id\":\"https:\/\/abogadoandresibanez.com\/#website\",\"url\":\"https:\/\/abogadoandresibanez.com\/\",\"name\":\"Abogado Andr\\u00e9s Ib\\u00e1\\u00f1ez\",\"description\":\"Lo solucionamos.\",\"potentialAction\":[{\"@type\":\"SearchAction\",\"target\":{\"@type\":\"EntryPoint\",\"urlTemplate\":\"https:\/\/abogadoandresibanez.com\/?s={search_term_string}\"},\"query-input\":\"required name=search_term_string\"}],\"inLanguage\":\"ca\"},{\"@type\":\"WebPage\",\"@id\":\"https:\/\/abogadoandresibanez.com\/ca\/contactar\/#webpage\",\"url\":\"https:\/\/abogadoandresibanez.com\/ca\/contactar\/\",\"name\":\"Contactar amb Andr\\u00e9s Ib\\u00e1\\u00f1ez - Abogado Andr\\u00e9s Ib\\u00e1\\u00f1ez\",\"isPartOf\":{\"@id\":\"https:\/\/abogadoandresibanez.com\/#website\"},\"datePublished\":\"2021-06-21T07:12:10+00:00\",\"dateModified\":\"2023-08-22T16:46:28+00:00\",\"description\":\"P\\u00e1gina donde dejar los datos para contactar con Andr\\u00e9s Ib\\u00e1\\u00f1ez.\",\"breadcrumb\":{\"@id\":\"https:\/\/abogadoandresibanez.com\/ca\/contactar\/#breadcrumb\"},\"inLanguage\":\"ca\",\"potentialAction\":[{\"@type\":\"ReadAction\",\"target\":[\"https:\/\/abogadoandresibanez.com\/ca\/contactar\/\"]}]},{\"@type\":\"BreadcrumbList\",\"@id\":\"https:\/\/abogadoandresibanez.com\/ca\/contactar\/#breadcrumb\",\"itemListElement\":[{\"@type\":\"ListItem\",\"position\":1,\"name\":\"Home\",\"item\":\"https:\/\/abogadoandresibanez.com\/ca\/\"},{\"@type\":\"ListItem\",\"position\":2,\"name\":\"Contactar amb Andr\\u00e9s Ib\\u00e1\\u00f1ez\"}]}]}<\/script>\n<!-- \/ Yoast SEO plugin. -->","yoast_head_json":{"title":"Contactar amb Andr\u00e9s Ib\u00e1\u00f1ez - Abogado Andr\u00e9s Ib\u00e1\u00f1ez","description":"P\u00e1gina donde dejar los datos para contactar con Andr\u00e9s Ib\u00e1\u00f1ez.","robots":{"index":"noindex","follow":"nofollow"},"og_locale":"ca_ES","og_type":"article","og_title":"Contactar amb Andr\u00e9s Ib\u00e1\u00f1ez - Abogado Andr\u00e9s Ib\u00e1\u00f1ez","og_description":"P\u00e1gina donde dejar los datos para contactar con Andr\u00e9s Ib\u00e1\u00f1ez.","og_url":"https:\/\/abogadoandresibanez.com\/ca\/contactar\/","og_site_name":"Abogado Andr\u00e9s Ib\u00e1\u00f1ez","article_modified_time":"2023-08-22T16:46:28+00:00","twitter_card":"summary_large_image","twitter_misc":{"Temps estimat de lectura":"4 minuts"},"schema":{"@context":"https:\/\/schema.org","@graph":[{"@type":"WebSite","@id":"https:\/\/abogadoandresibanez.com\/#website","url":"https:\/\/abogadoandresibanez.com\/","name":"Abogado Andr\u00e9s Ib\u00e1\u00f1ez","description":"Lo solucionamos.","potentialAction":[{"@type":"SearchAction","target":{"@type":"EntryPoint","urlTemplate":"https:\/\/abogadoandresibanez.com\/?s={search_term_string}"},"query-input":"required name=search_term_string"}],"inLanguage":"ca"},{"@type":"WebPage","@id":"https:\/\/abogadoandresibanez.com\/ca\/contactar\/#webpage","url":"https:\/\/abogadoandresibanez.com\/ca\/contactar\/","name":"Contactar amb Andr\u00e9s Ib\u00e1\u00f1ez - Abogado Andr\u00e9s Ib\u00e1\u00f1ez","isPartOf":{"@id":"https:\/\/abogadoandresibanez.com\/#website"},"datePublished":"2021-06-21T07:12:10+00:00","dateModified":"2023-08-22T16:46:28+00:00","description":"P\u00e1gina donde dejar los datos para contactar con Andr\u00e9s Ib\u00e1\u00f1ez.","breadcrumb":{"@id":"https:\/\/abogadoandresibanez.com\/ca\/contactar\/#breadcrumb"},"inLanguage":"ca","potentialAction":[{"@type":"ReadAction","target":["https:\/\/abogadoandresibanez.com\/ca\/contactar\/"]}]},{"@type":"BreadcrumbList","@id":"https:\/\/abogadoandresibanez.com\/ca\/contactar\/#breadcrumb","itemListElement":[{"@type":"ListItem","position":1,"name":"Home","item":"https:\/\/abogadoandresibanez.com\/ca\/"},{"@type":"ListItem","position":2,"name":"Contactar amb Andr\u00e9s Ib\u00e1\u00f1ez"}]}]}},"_links":{"self":[{"href":"https:\/\/abogadoandresibanez.com\/ca\/wp-json\/wp\/v2\/pages\/2513"}],"collection":[{"href":"https:\/\/abogadoandresibanez.com\/ca\/wp-json\/wp\/v2\/pages"}],"about":[{"href":"https:\/\/abogadoandresibanez.com\/ca\/wp-json\/wp\/v2\/types\/page"}],"author":[{"embeddable":true,"href":"https:\/\/abogadoandresibanez.com\/ca\/wp-json\/wp\/v2\/users\/1"}],"replies":[{"embeddable":true,"href":"https:\/\/abogadoandresibanez.com\/ca\/wp-json\/wp\/v2\/comments?post=2513"}],"version-history":[{"count":11,"href":"https:\/\/abogadoandresibanez.com\/ca\/wp-json\/wp\/v2\/pages\/2513\/revisions"}],"predecessor-version":[{"id":2727,"href":"https:\/\/abogadoandresibanez.com\/ca\/wp-json\/wp\/v2\/pages\/2513\/revisions\/2727"}],"wp:attachment":[{"href":"https:\/\/abogadoandresibanez.com\/ca\/wp-json\/wp\/v2\/media?parent=2513"}],"curies":[{"name":"wp","href":"https:\/\/api.w.org\/{rel}","templated":true}]}}